{"id":625,"date":"2022-12-13T11:38:38","date_gmt":"2022-12-13T09:38:38","guid":{"rendered":"https:\/\/abomicspgx.com\/?page_id=625"},"modified":"2023-06-09T19:26:58","modified_gmt":"2023-06-09T16:26:58","slug":"miten-geenit-vaikuttavat-laakitykseen","status":"publish","type":"page","link":"https:\/\/abomicspgx.com\/fi\/farmakogeneettinen-testi\/miten-geenit-vaikuttavat-laakitykseen\/","title":{"rendered":"Miten geenit vaikuttavat l\u00e4\u00e4kitykseen?\u00a0"},"content":{"rendered":"\t\t<div data-elementor-type=\"wp-page\" data-elementor-id=\"625\" class=\"elementor elementor-625\" data-elementor-post-type=\"page\">\n\t\t\t\t\t\t<section class=\"elementor-section elementor-top-section elementor-element elementor-element-39ed749 elementor-section-height-min-height elementor-section-full_width elementor-section-items-stretch elementor-section-height-default\" data-id=\"39ed749\" data-element_type=\"section\" data-settings=\"{&quot;jet_parallax_layout_list&quot;:[],&quot;background_background&quot;:&quot;classic&quot;}\">\n\t\t\t\t\t\t\t<div class=\"elementor-background-overlay\"><\/div>\n\t\t\t\t\t\t\t<div class=\"elementor-container elementor-column-gap-default\">\n\t\t\t\t\t<div class=\"elementor-column elementor-col-100 elementor-top-column elementor-element elementor-element-15953a4\" data-id=\"15953a4\" data-element_type=\"column\" data-settings=\"{&quot;background_background&quot;:&quot;classic&quot;}\">\n\t\t\t<div class=\"elementor-widget-wrap elementor-element-populated\">\n\t\t\t\t\t<div class=\"elementor-background-overlay\"><\/div>\n\t\t\t\t\t\t<section class=\"elementor-section elementor-inner-section elementor-element elementor-element-d0afe1f elementor-section-full_width elementor-section-height-default elementor-section-height-default elementor-invisible\" data-id=\"d0afe1f\" data-element_type=\"section\" data-settings=\"{&quot;jet_parallax_layout_list&quot;:[],&quot;animation&quot;:&quot;fadeIn&quot;}\">\n\t\t\t\t\t\t<div class=\"elementor-container elementor-column-gap-default\">\n\t\t\t\t\t<div class=\"elementor-column elementor-col-100 elementor-inner-column elementor-element elementor-element-6fa7615\" data-id=\"6fa7615\" data-element_type=\"column\">\n\t\t\t<div class=\"elementor-widget-wrap elementor-element-populated\">\n\t\t\t\t\t\t<div class=\"elementor-element elementor-element-ffe0de8 elementor-widget elementor-widget-heading\" data-id=\"ffe0de8\" data-element_type=\"widget\" data-widget_type=\"heading.default\">\n\t\t\t\t<div class=\"elementor-widget-container\">\n\t\t\t<h1 class=\"elementor-heading-title elementor-size-default\">Geenien vaikutus l\u00e4\u00e4kitykseen<\/h1>\t\t<\/div>\n\t\t\t\t<\/div>\n\t\t\t\t<div class=\"elementor-element elementor-element-4354a08 elementor-widget elementor-widget-heading\" data-id=\"4354a08\" data-element_type=\"widget\" data-widget_type=\"heading.default\">\n\t\t\t\t<div class=\"elementor-widget-container\">\n\t\t\t<h4 class=\"elementor-heading-title elementor-size-default\">Farmakogeneettisell\u00e4 testill\u00e4 voi selvitt\u00e4\u00e4, miten geenit vaikuttavat l\u00e4\u00e4kkeiden tehoon ja sivuvaikutuksiin juuri sinulla.<\/h4>\t\t<\/div>\n\t\t\t\t<\/div>\n\t\t\t\t<div class=\"elementor-element elementor-element-2fd0958 elementor-view-default elementor-invisible elementor-widget elementor-widget-icon\" data-id=\"2fd0958\" data-element_type=\"widget\" data-settings=\"{&quot;_animation&quot;:&quot;slideInDown&quot;}\" data-widget_type=\"icon.default\">\n\t\t\t\t<div class=\"elementor-widget-container\">\n\t\t\t\t\t<div class=\"elementor-icon-wrapper\">\n\t\t\t<a class=\"elementor-icon\" href=\"#geenien-vaikutus-laakitykseen\">\n\t\t\t<i aria-hidden=\"true\" class=\"fas fa-chevron-down\"><\/i>\t\t\t<\/a>\n\t\t<\/div>\n\t\t\t\t<\/div>\n\t\t\t\t<\/div>\n\t\t\t\t\t<\/div>\n\t\t<\/div>\n\t\t\t\t\t<\/div>\n\t\t<\/section>\n\t\t\t\t\t<\/div>\n\t\t<\/div>\n\t\t\t\t\t<\/div>\n\t\t<\/section>\n\t\t\t\t<section class=\"elementor-section elementor-top-section elementor-element elementor-element-4dd7db2 elementor-section-height-min-height elementor-section-full_width elementor-section-items-stretch elementor-section-height-default\" data-id=\"4dd7db2\" data-element_type=\"section\" id=\"geenien-vaikutus-laakitykseen\" data-settings=\"{&quot;jet_parallax_layout_list&quot;:[],&quot;background_background&quot;:&quot;classic&quot;}\">\n\t\t\t\t\t\t<div class=\"elementor-container elementor-column-gap-default\">\n\t\t\t\t\t<div class=\"elementor-column elementor-col-50 elementor-top-column elementor-element elementor-element-34af839\" data-id=\"34af839\" data-element_type=\"column\" data-settings=\"{&quot;background_background&quot;:&quot;classic&quot;}\">\n\t\t\t<div class=\"elementor-widget-wrap elementor-element-populated\">\n\t\t\t\t\t\t<div class=\"elementor-element elementor-element-96c45bd elementor-invisible elementor-widget elementor-widget-heading\" data-id=\"96c45bd\" data-element_type=\"widget\" data-settings=\"{&quot;_animation&quot;:&quot;fadeIn&quot;}\" data-widget_type=\"heading.default\">\n\t\t\t\t<div class=\"elementor-widget-container\">\n\t\t\t<h2 class=\"elementor-heading-title elementor-size-default\">Miten geenit vaikuttavat l\u00e4\u00e4kitykseen?<\/h2>\t\t<\/div>\n\t\t\t\t<\/div>\n\t\t\t\t<section class=\"elementor-section elementor-inner-section elementor-element elementor-element-3a4efd3 elementor-section-boxed elementor-section-height-default elementor-section-height-default\" data-id=\"3a4efd3\" data-element_type=\"section\" data-settings=\"{&quot;jet_parallax_layout_list&quot;:[]}\">\n\t\t\t\t\t\t<div class=\"elementor-container elementor-column-gap-default\">\n\t\t\t\t\t<div class=\"elementor-column elementor-col-100 elementor-inner-column elementor-element elementor-element-6bc50d8\" data-id=\"6bc50d8\" data-element_type=\"column\">\n\t\t\t<div class=\"elementor-widget-wrap elementor-element-populated\">\n\t\t\t\t\t\t<div class=\"elementor-element elementor-element-202c28e elementor-invisible elementor-widget elementor-widget-text-editor\" data-id=\"202c28e\" data-element_type=\"widget\" data-settings=\"{&quot;_animation&quot;:&quot;fadeIn&quot;}\" data-widget_type=\"text-editor.default\">\n\t\t\t\t<div class=\"elementor-widget-container\">\n\t\t\t\t\t\t\t<p>Geenimme vaikuttavat siihen, miten elimist\u00f6mme k\u00e4sittelee erilaisia l\u00e4\u00e4keaineita. L\u00e4\u00e4keaineita elimist\u00f6ss\u00e4 hajottavat eli metaboloivat erilaiset entsyymit, joiden valmistusta puolestaan ohjaavat geenit. Joillakin tietty\u00e4 entsyymi\u00e4 saattaa eritty\u00e4 tavallista v\u00e4hemm\u00e4n, toisilla taas enemm\u00e4n. T\u00e4m\u00e4 on normaalia geneettist\u00e4 vaihtelua ihmisten v\u00e4lill\u00e4, mutta vaikuttaa siihen, miten nopeasti l\u00e4\u00e4keaineet elimist\u00f6st\u00e4mme poistuvat. Jos l\u00e4\u00e4ke hajoaa ja poistuu elimist\u00f6st\u00e4 liian nopeasti, ei se ehdi vaikuttaa halutulla tavalla. Jos se taas poistuu tavallista hitaammin, voi l\u00e4\u00e4keainetta kerty\u00e4 elimist\u00f6\u00f6n liikaa. T\u00e4m\u00e4 saattaa aiheuttaa ik\u00e4vi\u00e4 tai jopa vakavia haittavaikutuksia.<\/p>\t\t\t\t\t\t<\/div>\n\t\t\t\t<\/div>\n\t\t\t\t<div class=\"elementor-element elementor-element-727bec7 elementor-invisible elementor-widget elementor-widget-button\" data-id=\"727bec7\" data-element_type=\"widget\" data-settings=\"{&quot;_animation&quot;:&quot;fadeInUp&quot;}\" data-widget_type=\"button.default\">\n\t\t\t\t<div class=\"elementor-widget-container\">\n\t\t\t\t\t\t\t<div class=\"elementor-button-wrapper\">\n\t\t\t\t\t<a class=\"elementor-button elementor-button-link elementor-size-sm\" href=\"#Farmakogenetiikka\">\n\t\t\t\t\t\t<span class=\"elementor-button-content-wrapper\">\n\t\t\t\t\t\t\t\t\t<span class=\"elementor-button-text\">Farmakogenetiikka<\/span>\n\t\t\t\t\t<\/span>\n\t\t\t\t\t<\/a>\n\t\t\t\t<\/div>\n\t\t\t\t\t\t<\/div>\n\t\t\t\t<\/div>\n\t\t\t\t\t<\/div>\n\t\t<\/div>\n\t\t\t\t\t<\/div>\n\t\t<\/section>\n\t\t\t\t\t<\/div>\n\t\t<\/div>\n\t\t\t\t<div class=\"elementor-column elementor-col-50 elementor-top-column elementor-element elementor-element-8b36ae7\" data-id=\"8b36ae7\" data-element_type=\"column\" data-settings=\"{&quot;background_background&quot;:&quot;classic&quot;}\">\n\t\t\t<div class=\"elementor-widget-wrap elementor-element-populated\">\n\t\t\t\t\t\t<div class=\"elementor-element elementor-element-235a19e jedv-enabled--yes elementor-widget elementor-widget-image\" data-id=\"235a19e\" data-element_type=\"widget\" data-widget_type=\"image.default\">\n\t\t\t\t<div class=\"elementor-widget-container\">\n\t\t\t\t\t\t\t\t\t\t\t\t\t<img fetchpriority=\"high\" decoding=\"async\" width=\"800\" height=\"800\" src=\"https:\/\/abomicspgx.com\/wp-content\/uploads\/2023\/01\/Abomics-Farmakogeneettinen-testaus-1024x1024.png\" class=\"attachment-large size-large wp-image-2835\" alt=\"\" srcset=\"https:\/\/abomicspgx.com\/wp-content\/uploads\/2023\/01\/Abomics-Farmakogeneettinen-testaus-1024x1024.png 1024w, https:\/\/abomicspgx.com\/wp-content\/uploads\/2023\/01\/Abomics-Farmakogeneettinen-testaus-300x300.png 300w, https:\/\/abomicspgx.com\/wp-content\/uploads\/2023\/01\/Abomics-Farmakogeneettinen-testaus-150x150.png 150w, https:\/\/abomicspgx.com\/wp-content\/uploads\/2023\/01\/Abomics-Farmakogeneettinen-testaus-768x768.png 768w, https:\/\/abomicspgx.com\/wp-content\/uploads\/2023\/01\/Abomics-Farmakogeneettinen-testaus-1536x1536.png 1536w, https:\/\/abomicspgx.com\/wp-content\/uploads\/2023\/01\/Abomics-Farmakogeneettinen-testaus.png 1601w\" sizes=\"(max-width: 800px) 100vw, 800px\" \/>\t\t\t\t\t\t\t\t\t\t\t\t\t<\/div>\n\t\t\t\t<\/div>\n\t\t\t\t\t<\/div>\n\t\t<\/div>\n\t\t\t\t\t<\/div>\n\t\t<\/section>\n\t\t\t\t<section class=\"elementor-section elementor-top-section elementor-element elementor-element-baea053 elementor-section-height-min-height elementor-section-full_width elementor-section-items-stretch elementor-reverse-mobile elementor-reverse-tablet elementor-section-height-default\" data-id=\"baea053\" data-element_type=\"section\" id=\"Farmakogenetiikka\" data-settings=\"{&quot;jet_parallax_layout_list&quot;:[],&quot;background_background&quot;:&quot;classic&quot;}\">\n\t\t\t\t\t\t<div class=\"elementor-container elementor-column-gap-default\">\n\t\t\t\t\t<div class=\"elementor-column elementor-col-50 elementor-top-column elementor-element elementor-element-f38a793\" data-id=\"f38a793\" data-element_type=\"column\" data-settings=\"{&quot;background_background&quot;:&quot;classic&quot;}\">\n\t\t\t<div class=\"elementor-widget-wrap elementor-element-populated\">\n\t\t\t\t\t\t<div class=\"elementor-element elementor-element-438a866 elementor-widget elementor-widget-spacer\" data-id=\"438a866\" data-element_type=\"widget\" data-widget_type=\"spacer.default\">\n\t\t\t\t<div class=\"elementor-widget-container\">\n\t\t\t\t\t<div class=\"elementor-spacer\">\n\t\t\t<div class=\"elementor-spacer-inner\"><\/div>\n\t\t<\/div>\n\t\t\t\t<\/div>\n\t\t\t\t<\/div>\n\t\t\t\t\t<\/div>\n\t\t<\/div>\n\t\t\t\t<div class=\"elementor-column elementor-col-50 elementor-top-column elementor-element elementor-element-08f40a4 elementor-invisible\" data-id=\"08f40a4\" data-element_type=\"column\" data-settings=\"{&quot;animation&quot;:&quot;fadeIn&quot;,&quot;background_background&quot;:&quot;classic&quot;}\">\n\t\t\t<div class=\"elementor-widget-wrap elementor-element-populated\">\n\t\t\t\t\t\t<div class=\"elementor-element elementor-element-32b5d9c elementor-invisible elementor-widget elementor-widget-heading\" data-id=\"32b5d9c\" data-element_type=\"widget\" data-settings=\"{&quot;_animation&quot;:&quot;fadeIn&quot;}\" data-widget_type=\"heading.default\">\n\t\t\t\t<div class=\"elementor-widget-container\">\n\t\t\t<h2 class=\"elementor-heading-title elementor-size-default\">Farmakogenetiikka yhdist\u00e4\u00e4 farmakologian ja genetiikan<\/h2>\t\t<\/div>\n\t\t\t\t<\/div>\n\t\t\t\t<section class=\"elementor-section elementor-inner-section elementor-element elementor-element-8fe5c36 elementor-section-boxed elementor-section-height-default elementor-section-height-default\" data-id=\"8fe5c36\" data-element_type=\"section\" data-settings=\"{&quot;jet_parallax_layout_list&quot;:[]}\">\n\t\t\t\t\t\t<div class=\"elementor-container elementor-column-gap-default\">\n\t\t\t\t\t<div class=\"elementor-column elementor-col-100 elementor-inner-column elementor-element elementor-element-950ad25\" data-id=\"950ad25\" data-element_type=\"column\">\n\t\t\t<div class=\"elementor-widget-wrap elementor-element-populated\">\n\t\t\t\t\t\t<div class=\"elementor-element elementor-element-f132c7d elementor-invisible elementor-widget elementor-widget-text-editor\" data-id=\"f132c7d\" data-element_type=\"widget\" data-settings=\"{&quot;_animation&quot;:&quot;fadeIn&quot;}\" data-widget_type=\"text-editor.default\">\n\t\t\t\t<div class=\"elementor-widget-container\">\n\t\t\t\t\t\t\t<p>Farmakogenetiikka tutkii, miten geenit vaikuttavat l\u00e4\u00e4keaineiden toimintaan elimist\u00f6ss\u00e4. Nyky\u00e4\u00e4n n\u00e4ist\u00e4 vaikutuksista tiedet\u00e4\u00e4nkin jo paljon, ja monille l\u00e4\u00e4kkeille on olemassa tieteelliseen n\u00e4ytt\u00f6\u00f6n perustuvia suosituksia siit\u00e4, miten l\u00e4\u00e4kett\u00e4 tulisi annostella eri geenivariantteja kantaville ihmisille.<\/p><p>Geenivariantit selvitet\u00e4\u00e4n farmakogeneettisell\u00e4 testill\u00e4. Se on tavallisesta verin\u00e4ytteest\u00e4 teht\u00e4v\u00e4 geenitesti, jolla tutkitaan yleisimm\u00e4t l\u00e4\u00e4kitykseen vaikuttavat geenit. Aiemmin geenitestaaminen oli kallista ja k\u00e4yt\u00f6ss\u00e4 vain kaikkein vakavimpia sairauksia sairastaville, mutta laboratorioteknologian kehityksen my\u00f6t\u00e4 geenitestaaminen on nyky\u00e4\u00e4n kaikkien potilaiden ja l\u00e4\u00e4k\u00e4reiden saatavilla. Esimerkiksi laktoosi-intoleranssi todetaan nyky\u00e4\u00e4n geenitestill\u00e4, joka kertoo eritt\u00e4\u00e4k\u00f6 elimist\u00f6 laktaasientsyymi\u00e4. Farmakogeneettisell\u00e4 testill\u00e4 tutkitaan vastaavalla tavalla l\u00e4\u00e4keainemetaboliaan vaikuttavien entsyymien erityst\u00e4. Erityisesti masennuksen tai monil\u00e4\u00e4kityksen kohdalla sek\u00e4 pallolaajennuksen j\u00e4lkeen voidaan sek\u00e4 parantaa hoitotuloksia ja el\u00e4m\u00e4nlaatua ett\u00e4 samalla saavuttaa merkitt\u00e4vi\u00e4 s\u00e4\u00e4st\u00f6j\u00e4.<\/p>\t\t\t\t\t\t<\/div>\n\t\t\t\t<\/div>\n\t\t\t\t<div class=\"elementor-element elementor-element-c1571b4 elementor-invisible elementor-widget elementor-widget-button\" data-id=\"c1571b4\" data-element_type=\"widget\" data-settings=\"{&quot;_animation&quot;:&quot;fadeInUp&quot;}\" data-widget_type=\"button.default\">\n\t\t\t\t<div class=\"elementor-widget-container\">\n\t\t\t\t\t\t\t<div class=\"elementor-button-wrapper\">\n\t\t\t\t\t<a class=\"elementor-button elementor-button-link elementor-size-sm\" href=\"https:\/\/abomicspgx.com\/fi\/hakeudu-testiin\/\">\n\t\t\t\t\t\t<span class=\"elementor-button-content-wrapper\">\n\t\t\t\t\t\t\t\t\t<span class=\"elementor-button-text\">Miten testiin?<\/span>\n\t\t\t\t\t<\/span>\n\t\t\t\t\t<\/a>\n\t\t\t\t<\/div>\n\t\t\t\t\t\t<\/div>\n\t\t\t\t<\/div>\n\t\t\t\t\t<\/div>\n\t\t<\/div>\n\t\t\t\t\t<\/div>\n\t\t<\/section>\n\t\t\t\t\t<\/div>\n\t\t<\/div>\n\t\t\t\t\t<\/div>\n\t\t<\/section>\n\t\t\t\t<section class=\"elementor-section elementor-top-section elementor-element elementor-element-b2d593d elementor-section-height-min-height elementor-section-full_width elementor-section-items-stretch ammattilaisille elementor-section-height-default\" data-id=\"b2d593d\" data-element_type=\"section\" data-settings=\"{&quot;jet_parallax_layout_list&quot;:[],&quot;background_background&quot;:&quot;classic&quot;}\">\n\t\t\t\t\t\t\t<div class=\"elementor-background-overlay\"><\/div>\n\t\t\t\t\t\t\t<div class=\"elementor-container elementor-column-gap-default\">\n\t\t\t\t\t<div class=\"elementor-column elementor-col-50 elementor-top-column elementor-element elementor-element-35df1e3\" data-id=\"35df1e3\" data-element_type=\"column\" data-settings=\"{&quot;background_background&quot;:&quot;classic&quot;}\">\n\t\t\t<div class=\"elementor-widget-wrap elementor-element-populated\">\n\t\t\t\t\t\t<section class=\"elementor-section elementor-inner-section elementor-element elementor-element-2b02495 elementor-section-full_width elementor-section-height-default elementor-section-height-default elementor-invisible\" data-id=\"2b02495\" data-element_type=\"section\" data-settings=\"{&quot;jet_parallax_layout_list&quot;:[],&quot;animation&quot;:&quot;fadeIn&quot;}\">\n\t\t\t\t\t\t<div class=\"elementor-container elementor-column-gap-default\">\n\t\t\t\t\t<div class=\"elementor-column elementor-col-100 elementor-inner-column elementor-element elementor-element-a423a97\" data-id=\"a423a97\" data-element_type=\"column\">\n\t\t\t<div class=\"elementor-widget-wrap elementor-element-populated\">\n\t\t\t\t\t\t<div class=\"elementor-element elementor-element-733541f elementor-widget elementor-widget-heading\" data-id=\"733541f\" data-element_type=\"widget\" data-widget_type=\"heading.default\">\n\t\t\t\t<div class=\"elementor-widget-container\">\n\t\t\t<h2 class=\"elementor-heading-title elementor-size-default\">Abomics l\u00e4\u00e4k\u00e4rin p\u00e4\u00e4t\u00f6ksenteon tukena<\/h2>\t\t<\/div>\n\t\t\t\t<\/div>\n\t\t\t\t<div class=\"elementor-element elementor-element-8388baa elementor-widget elementor-widget-text-editor\" data-id=\"8388baa\" data-element_type=\"widget\" data-widget_type=\"text-editor.default\">\n\t\t\t\t<div class=\"elementor-widget-container\">\n\t\t\t\t\t\t\t<p>Nyky\u00e4\u00e4n farmakogenetiikka on jokaisen l\u00e4\u00e4k\u00e4rin arkip\u00e4iv\u00e4inen ty\u00f6kalu, joka mahdollistaa jokaiselle potilaalle yksil\u00f6llisesti mahdollisimman tehokkaan ja turvallisen l\u00e4\u00e4kityksen. Kun geenivarianttisi ovat tiedossa, l\u00e4\u00e4k\u00e4risi saa p\u00e4\u00e4t\u00f6ksenteon tueksi raportin, jonka avulla h\u00e4n voi valita juuri sinulle sopivan l\u00e4\u00e4kkeen ja annostuksen. Ehk\u00e4 l\u00e4\u00e4ke kannattaa aloittaa normaalia pienemm\u00e4ll\u00e4 tai suuremmalla annoksella, tai valita kokonaan toinen l\u00e4\u00e4ke. N\u00e4in v\u00e4ltyt l\u00e4\u00e4kkeilt\u00e4, jotka eiv\u00e4t tehoa sinun elimist\u00f6ss\u00e4si, haittavaikutusten riski pienenee, ja saat sopivan l\u00e4\u00e4kityksen nopeammin.<\/p>\t\t\t\t\t\t<\/div>\n\t\t\t\t<\/div>\n\t\t\t\t<div class=\"elementor-element elementor-element-c4c8c06 elementor-invisible elementor-widget elementor-widget-button\" data-id=\"c4c8c06\" data-element_type=\"widget\" data-settings=\"{&quot;_animation&quot;:&quot;fadeInUp&quot;}\" data-widget_type=\"button.default\">\n\t\t\t\t<div class=\"elementor-widget-container\">\n\t\t\t\t\t\t\t<div class=\"elementor-button-wrapper\">\n\t\t\t\t\t<a class=\"elementor-button elementor-button-link elementor-size-sm\" href=\"https:\/\/abomicspgx.com\/fi\/farmakogeneettinen-testi\/vaikuttaako-farmakogenetiikka-minuun\/\">\n\t\t\t\t\t\t<span class=\"elementor-button-content-wrapper\">\n\t\t\t\t\t\t\t\t\t<span class=\"elementor-button-text\">Miten farmakogenetiikka vaikuttaa minuun?<\/span>\n\t\t\t\t\t<\/span>\n\t\t\t\t\t<\/a>\n\t\t\t\t<\/div>\n\t\t\t\t\t\t<\/div>\n\t\t\t\t<\/div>\n\t\t\t\t\t<\/div>\n\t\t<\/div>\n\t\t\t\t\t<\/div>\n\t\t<\/section>\n\t\t\t\t\t<\/div>\n\t\t<\/div>\n\t\t\t\t<div class=\"elementor-column elementor-col-50 elementor-top-column elementor-element elementor-element-8afb6f9\" data-id=\"8afb6f9\" data-element_type=\"column\" data-settings=\"{&quot;background_background&quot;:&quot;classic&quot;}\">\n\t\t\t<div class=\"elementor-widget-wrap elementor-element-populated\">\n\t\t\t\t\t\t<div class=\"elementor-element elementor-element-01600bd elementor-widget elementor-widget-spacer\" data-id=\"01600bd\" data-element_type=\"widget\" data-widget_type=\"spacer.default\">\n\t\t\t\t<div class=\"elementor-widget-container\">\n\t\t\t\t\t<div class=\"elementor-spacer\">\n\t\t\t<div class=\"elementor-spacer-inner\"><\/div>\n\t\t<\/div>\n\t\t\t\t<\/div>\n\t\t\t\t<\/div>\n\t\t\t\t\t<\/div>\n\t\t<\/div>\n\t\t\t\t\t<\/div>\n\t\t<\/section>\n\t\t\t\t<\/div>\n\t\t","protected":false},"excerpt":{"rendered":"<p>Geenien vaikutus l\u00e4\u00e4kitykseen Farmakogeneettisell\u00e4 testill\u00e4 voi selvitt\u00e4\u00e4, miten geenit vaikuttavat l\u00e4\u00e4kkeiden tehoon ja sivuvaikutuksiin juuri sinulla. Miten geenit vaikuttavat l\u00e4\u00e4kitykseen? Geenimme vaikuttavat siihen, miten elimist\u00f6mme k\u00e4sittelee erilaisia l\u00e4\u00e4keaineita. L\u00e4\u00e4keaineita elimist\u00f6ss\u00e4 hajottavat eli metaboloivat erilaiset entsyymit, joiden valmistusta puolestaan ohjaavat geenit. Joillakin tietty\u00e4 entsyymi\u00e4 saattaa eritty\u00e4 tavallista v\u00e4hemm\u00e4n, toisilla taas enemm\u00e4n. T\u00e4m\u00e4 on normaalia geneettist\u00e4 vaihtelua [&hellip;]<\/p>\n","protected":false},"author":1,"featured_media":0,"parent":27,"menu_order":1,"comment_status":"closed","ping_status":"closed","template":"","meta":{"content-type":"","_uf_show_specific_survey":0,"_uf_disable_surveys":false,"footnotes":""},"class_list":["post-625","page","type-page","status-publish","hentry"],"aioseo_notices":[],"_links":{"self":[{"href":"https:\/\/abomicspgx.com\/fi\/wp-json\/wp\/v2\/pages\/625","targetHints":{"allow":["GET"]}}],"collection":[{"href":"https:\/\/abomicspgx.com\/fi\/wp-json\/wp\/v2\/pages"}],"about":[{"href":"https:\/\/abomicspgx.com\/fi\/wp-json\/wp\/v2\/types\/page"}],"author":[{"embeddable":true,"href":"https:\/\/abomicspgx.com\/fi\/wp-json\/wp\/v2\/users\/1"}],"replies":[{"embeddable":true,"href":"https:\/\/abomicspgx.com\/fi\/wp-json\/wp\/v2\/comments?post=625"}],"version-history":[{"count":167,"href":"https:\/\/abomicspgx.com\/fi\/wp-json\/wp\/v2\/pages\/625\/revisions"}],"predecessor-version":[{"id":5800,"href":"https:\/\/abomicspgx.com\/fi\/wp-json\/wp\/v2\/pages\/625\/revisions\/5800"}],"up":[{"embeddable":true,"href":"https:\/\/abomicspgx.com\/fi\/wp-json\/wp\/v2\/pages\/27"}],"wp:attachment":[{"href":"https:\/\/abomicspgx.com\/fi\/wp-json\/wp\/v2\/media?parent=625"}],"curies":[{"name":"wp","href":"https:\/\/api.w.org\/{rel}","templated":true}]}}