{"id":5133,"date":"2023-04-17T01:09:42","date_gmt":"2023-04-16T22:09:42","guid":{"rendered":"https:\/\/abomicspgx.com\/?page_id=5133"},"modified":"2023-04-17T12:25:28","modified_gmt":"2023-04-17T09:25:28","slug":"tietosuojaseloste","status":"publish","type":"page","link":"https:\/\/abomicspgx.com\/fi\/tietosuojaseloste\/","title":{"rendered":"TIetosuojaseloste"},"content":{"rendered":"\t\t<div data-elementor-type=\"wp-page\" data-elementor-id=\"5133\" class=\"elementor elementor-5133\" data-elementor-post-type=\"page\">\n\t\t\t\t\t\t<section class=\"elementor-section elementor-top-section elementor-element elementor-element-5000f83 elementor-section-height-min-height blogi elementor-section-boxed elementor-section-height-default elementor-section-items-middle\" data-id=\"5000f83\" data-element_type=\"section\" data-settings=\"{&quot;jet_parallax_layout_list&quot;:[],&quot;background_background&quot;:&quot;classic&quot;}\">\n\t\t\t\t\t\t<div class=\"elementor-container elementor-column-gap-default\">\n\t\t\t\t\t<div class=\"elementor-column elementor-col-100 elementor-top-column elementor-element elementor-element-e8035fb elementor-invisible\" data-id=\"e8035fb\" data-element_type=\"column\" data-settings=\"{&quot;animation&quot;:&quot;fadeIn&quot;}\">\n\t\t\t<div class=\"elementor-widget-wrap elementor-element-populated\">\n\t\t\t\t\t\t<div class=\"elementor-element elementor-element-f98dea8 elementor-widget elementor-widget-heading\" data-id=\"f98dea8\" data-element_type=\"widget\" data-widget_type=\"heading.default\">\n\t\t\t\t<div class=\"elementor-widget-container\">\n\t\t\t<h1 class=\"elementor-heading-title elementor-size-default\">Tietosuojaseloste<\/h1>\t\t<\/div>\n\t\t\t\t<\/div>\n\t\t\t\t<div class=\"elementor-element elementor-element-eb0e24c elementor-widget elementor-widget-text-editor\" data-id=\"eb0e24c\" data-element_type=\"widget\" data-widget_type=\"text-editor.default\">\n\t\t\t\t<div class=\"elementor-widget-container\">\n\t\t\t\t\t\t\t<p>T\u00e4m\u00e4n tekstin on tarkoitus selitt\u00e4\u00e4 Abomicsin ja GeneAccountin tietojen k\u00e4sittelyn ja tietosuojan periaatteita ja k\u00e4yt\u00e4nt\u00f6j\u00e4.<\/p><h4>Tietosuojan periaatteet<\/h4><p>Abomics on terveydenhuollon palveluntarjoaja, mik\u00e4 n\u00e4kyy my\u00f6s tiukkoina tietosuojak\u00e4yt\u00e4nt\u00f6in\u00e4. Tietoja ker\u00e4t\u00e4\u00e4n, k\u00e4sitell\u00e4\u00e4n, tallennetaan ja jaetaan vain siin\u00e4 laajuudessa kuin palvelun tarjoaminen potilaalle vaatii, ja vain niiden henkil\u00f6iden toimesta, joilla on valtuudet k\u00e4sitell\u00e4 tietoja. Pyrimme aina ker\u00e4\u00e4m\u00e4\u00e4n ja k\u00e4sittelem\u00e4\u00e4n mahdollisimman v\u00e4h\u00e4ist\u00e4 m\u00e4\u00e4r\u00e4\u00e4 tietoja ja poistamaan tiedot, joita emme k\u00e4yt\u00e4.<\/p><p>Meille on t\u00e4ysin luonnollista, ett\u00e4 asiakas omistaa kaikki meid\u00e4n hallussamme h\u00e4nest\u00e4 olevat tiedot, ja sen takia pyrimme tarjoamaan asiakkaalle mahdollisuuden toteuttaa oikeuksiaan omiin tietoihinsa mahdollisimman hyvin. Verkkopalvelumme tarjoaa asiakkaalle laajat mahdollisuudet tarkastella ja muuttaa tietojaan. Halutessaan asiakas voi itsen\u00e4isesti poistaa tietonsa palvelusta.<\/p><h4>Tietojen keruun oikeutus<\/h4><p>Oikeutemme tietojesi k\u00e4sittelyyn perustuu palvelusopimukseen. Sopimus on joko sinun ja meid\u00e4n v\u00e4linen tai v\u00e4liss\u00e4mme on kolmas osapuoli, jonka alihankkija me olemme. K\u00e4sittelemme tietojasi samalla tavalla riippumatta siit\u00e4, kenen kanssa sinulla on palvelusopimus, kaikkien asiakkaidemme tietoturva on meille yht\u00e4 t\u00e4rke\u00e4\u00e4.<\/p><p>Tarvitsemme tietojasi palvelun tuottamiseen. Keskeisimm\u00e4t k\u00e4ytt\u00f6tarkoitukset ovat henkil\u00f6n yhdist\u00e4minen h\u00e4nen tuloksiinsa ja h\u00e4nen informoimisensa tuloksista sek\u00e4 niiden p\u00e4ivittymisest\u00e4. K\u00e4yt\u00e4mme my\u00f6s henkil\u00f6n taustatietoja kuten ik\u00e4\u00e4 ja sukupuolta tilastollisissa tarkoituksissa selvitt\u00e4\u00e4ksemme esimerkiksi kohonneita riskej\u00e4 tietyiss\u00e4 ihmisryhmiss\u00e4. Kaikki tilastotieto on t\u00e4ysin anonyymi\u00e4.<\/p><h4>Geenitiedot<\/h4><p>Omistat kaikki hallussamme olevat geenitietosi. Niit\u00e4 s\u00e4ilytet\u00e4\u00e4n vain suojatuilla palvelimilla ja k\u00e4sitell\u00e4\u00e4n vain tarkoin valittujen asiantuntijoidemme, kuten l\u00e4\u00e4k\u00e4riemme, toimesta. Tietoja siirret\u00e4\u00e4n aina suojattuja yhteyksi\u00e4 pitkin, esimerkiksi silloin, kun laboratorio l\u00e4hett\u00e4\u00e4 testisi tulokset meille analysoitaviksi. Geenitietojasi ei koskaan jaeta kolmansille osapuolille ilman sinun nimenomaista pyynt\u00f6\u00e4si.<\/p><p>Hallussamme ei koskaan ole sinusta sellaista geenitietoa, jonka perusteella sinut voitaisiin tunnistaa. Me tai laboratoriokumppanimme eiv\u00e4t tee antamastasi n\u00e4ytteest\u00e4 mit\u00e4\u00e4n muita testej\u00e4 kuin farmakogeneettisesti t\u00e4rkeiden geenien testaamista. Haluamme tarjota l\u00e4pin\u00e4kyv\u00e4sti vain sit\u00e4 geenitietopalvelua, jota lupaamme, mink\u00e4 takia emme k\u00e4yt\u00e4 n\u00e4ytett\u00e4si muiden testien tekemiseen edes pyynn\u00f6st\u00e4. T\u00e4m\u00e4 on t\u00e4rkein lupauksemme sinulle.<\/p><h4>Ker\u00e4tt\u00e4v\u00e4t henkil\u00f6tiedot<\/h4><p>N\u00e4et kaikki sinusta ker\u00e4tyt henkil\u00f6tiedot omasta GeneAccount-profiilistasi.<\/p><p>Riippuen sopimuksestamme, ker\u00e4\u00e4mme hieman erilaisia tietoja kustakin asiakkaasta. Jos ker\u00e4\u00e4mme tietoja palveluntarjoajasi alihankkijana, tietomme tulevat palveluntarjoajaltasi, jolloin emme itse voi vaikuttaa tietojen sis\u00e4lt\u00f6\u00f6n. Jos olet GeneAccount Service -asiakkaamme, sinulla on rekister\u00f6itymisen yhteydess\u00e4 mahdollisuus p\u00e4\u00e4tt\u00e4\u00e4 itse henkil\u00f6tiedot, jotka haluat jakaa kanssamme.<\/p><p>Kun me olemme palveluntarjoajasi alihankkija, tiedoissasi on voi olla laajimmillaan nimi, ik\u00e4, sukupuoli, puhelinnumero sek\u00e4 henkil\u00f6tunnus. On my\u00f6s mahdollista, ett\u00e4 tied\u00e4mme sinusta vain n\u00e4ytteesi numeron, emmek\u00e4 lainkaan henkil\u00f6tietojasi. Kaikki omat tietosi n\u00e4et GeneAccount-profiilistasi ja voit muokata niit\u00e4 siell\u00e4.<\/p><p>Jos olet GeneAccount Service -asiakkaamme, voit rekister\u00f6innin yhteydess\u00e4 p\u00e4\u00e4tt\u00e4\u00e4 itse mit\u00e4 henkil\u00f6tietoja jaat kanssamme. Ker\u00e4\u00e4mme pakollisina tietoina vain s\u00e4hk\u00f6postiosoitteesi, jotta voimme toteuttaa palvelun. Vapaaehtoiset tiedot voit my\u00f6s lis\u00e4t\u00e4 j\u00e4lkik\u00e4teen GeneAccount-tilill\u00e4si.<\/p><h4>Palvelun k\u00e4yt\u00f6st\u00e4 ker\u00e4tty tieto<\/h4><p>Ker\u00e4\u00e4mme tietoja palvelun k\u00e4yt\u00f6st\u00e4 palvelun kehitt\u00e4mist\u00e4 varten. Tieto on anonyymi\u00e4 tilastotietoa k\u00e4ytt\u00f6sessioista. Ker\u00e4\u00e4mme tietoa k\u00e4ytt\u00f6ajasta, k\u00e4ytetyst\u00e4 selaimesta, k\u00e4ytt\u00f6j\u00e4rjestelm\u00e4st\u00e4 ja laitteesta. Kaikki tieto on anonyymi\u00e4 eik\u00e4 se sis\u00e4ll\u00e4 henkil\u00f6tietojasi, eik\u00e4 sit\u00e4 voida liitt\u00e4\u00e4 henkil\u00f6tietoihisi. Tietojen ker\u00e4\u00e4miseksi sivustolla k\u00e4ytet\u00e4\u00e4n ev\u00e4steit\u00e4.<\/p><h4>Tietojen k\u00e4sittely, tallentaminen ja poistaminen<\/h4><p>Tietosi on tallennettu vain suojatuille palvelimille ja niit\u00e4 siirret\u00e4\u00e4n esimerkiksi testin tekev\u00e4n laboratorion ja meid\u00e4n v\u00e4lill\u00e4mme vain suojattuja yhteyksi\u00e4 pitkin. Tietosi ovat my\u00f6s varmuuskopioituna, jotta ne eiv\u00e4t katoa odottamattomissakaan tilanteissa.<\/p><p>K\u00e4sittelemme tietojasi vain palvelun ja siihen liittyvien toimenpiteiden suorittamiseen, keskeisimp\u00e4n\u00e4 farmakogeneettisen fenotyyppisi selvitt\u00e4miseen l\u00e4\u00e4keaineiden tehon ja turvallisuuden arvioimiseksi. Mit\u00e4\u00e4n henkil\u00f6tietoja ei koskaan jaeta kolmansien osapuolien kanssa ilman sinun kirjallista pyynt\u00f6\u00e4si.<\/p><p>Palvelun tarjoamisen lis\u00e4ksi teemme anonymisoidusta datasta tilastotietoja. N\u00e4ist\u00e4 tiedoista ei voi miss\u00e4\u00e4n tilanteessa p\u00e4\u00e4tell\u00e4 kenest\u00e4 tieto on ker\u00e4tty. Tieto on siis peruuttamattomasti anonymisoitua. Tilastotietoa k\u00e4ytet\u00e4\u00e4n palvelun kehitt\u00e4miseen. Tilastotietoa ker\u00e4t\u00e4\u00e4n yhdess\u00e4 luotettujen kolmansien osapuolien, kuten Googlen kanssa.<\/p><p>Poistamme tiedot, joita emme k\u00e4yt\u00e4. Poistamme tiedot asiakassuhteen p\u00e4\u00e4tytty\u00e4. Voit my\u00f6s itse pyyt\u00e4\u00e4 meit\u00e4 poistamaan tiedot.<\/p><h4>Sinun oikeutesi<\/h4><p>Omistat omat tietosi, joten sinulla on rajaton oikeus omiin tietoihisi. Oikeutesi perustuvat lakeihin ja muihin s\u00e4\u00e4d\u00f6ksiin, esimerkiksi EU:n yleiseen tietosuoja-asetukseen (GDPR). Olemme sitoutuneet auttamaan sinua toteuttamaan oikeuksiasi.<\/p><h4>Keskeisimm\u00e4t oikeutesi<\/h4><ul><li>Saada meilt\u00e4 tietoa mist\u00e4 tahansa tietoihisi liittyvist\u00e4 asioista<\/li><li>Tarkastella omia henkil\u00f6tietojasi verkkopalvelustamme<\/li><li>Muokata tietojasi ja pyyt\u00e4\u00e4 meit\u00e4 muokkaamaan tietojasi<\/li><li>Pyyt\u00e4\u00e4 meit\u00e4 siirt\u00e4m\u00e4\u00e4n tietosi muihin j\u00e4rjestelmiin<\/li><li>Pyyt\u00e4\u00e4 meilt\u00e4 kaikki tiedot, joita meill\u00e4 sinusta on<\/li><li>Pyyt\u00e4\u00e4 tietoa siit\u00e4 miten tietoja on ker\u00e4tty<\/li><li>Poistaa omat tietosi pavelusta ja pyyt\u00e4\u00e4 meit\u00e4 poistamaan tietosi kaikista j\u00e4rjestelmist\u00e4mme<\/li><\/ul><p>Lis\u00e4tietoa tietosuojastamme saat rekisteriselosteistamme tai ottamalla yhteytt\u00e4 s\u00e4hk\u00f6postitse osoitteeseen info@abomicspgx.com.<\/p>\t\t\t\t\t\t<\/div>\n\t\t\t\t<\/div>\n\t\t\t\t\t<\/div>\n\t\t<\/div>\n\t\t\t\t\t<\/div>\n\t\t<\/section>\n\t\t\t\t<\/div>\n\t\t","protected":false},"excerpt":{"rendered":"<p>Tietosuojaseloste T\u00e4m\u00e4n tekstin on tarkoitus selitt\u00e4\u00e4 Abomicsin ja GeneAccountin tietojen k\u00e4sittelyn ja tietosuojan periaatteita ja k\u00e4yt\u00e4nt\u00f6j\u00e4. Tietosuojan periaatteet Abomics on terveydenhuollon palveluntarjoaja, mik\u00e4 n\u00e4kyy my\u00f6s tiukkoina tietosuojak\u00e4yt\u00e4nt\u00f6in\u00e4. Tietoja ker\u00e4t\u00e4\u00e4n, k\u00e4sitell\u00e4\u00e4n, tallennetaan ja jaetaan vain siin\u00e4 laajuudessa kuin palvelun tarjoaminen potilaalle vaatii, ja vain niiden henkil\u00f6iden toimesta, joilla on valtuudet k\u00e4sitell\u00e4 tietoja. Pyrimme aina ker\u00e4\u00e4m\u00e4\u00e4n ja [&hellip;]<\/p>\n","protected":false},"author":1,"featured_media":0,"parent":0,"menu_order":20,"comment_status":"closed","ping_status":"closed","template":"","meta":{"content-type":"","_uf_show_specific_survey":0,"_uf_disable_surveys":false,"footnotes":""},"class_list":["post-5133","page","type-page","status-publish","hentry"],"aioseo_notices":[],"_links":{"self":[{"href":"https:\/\/abomicspgx.com\/fi\/wp-json\/wp\/v2\/pages\/5133","targetHints":{"allow":["GET"]}}],"collection":[{"href":"https:\/\/abomicspgx.com\/fi\/wp-json\/wp\/v2\/pages"}],"about":[{"href":"https:\/\/abomicspgx.com\/fi\/wp-json\/wp\/v2\/types\/page"}],"author":[{"embeddable":true,"href":"https:\/\/abomicspgx.com\/fi\/wp-json\/wp\/v2\/users\/1"}],"replies":[{"embeddable":true,"href":"https:\/\/abomicspgx.com\/fi\/wp-json\/wp\/v2\/comments?post=5133"}],"version-history":[{"count":4,"href":"https:\/\/abomicspgx.com\/fi\/wp-json\/wp\/v2\/pages\/5133\/revisions"}],"predecessor-version":[{"id":5145,"href":"https:\/\/abomicspgx.com\/fi\/wp-json\/wp\/v2\/pages\/5133\/revisions\/5145"}],"wp:attachment":[{"href":"https:\/\/abomicspgx.com\/fi\/wp-json\/wp\/v2\/media?parent=5133"}],"curies":[{"name":"wp","href":"https:\/\/api.w.org\/{rel}","templated":true}]}}