{"id":3550,"date":"2023-01-31T21:05:13","date_gmt":"2023-01-31T19:05:13","guid":{"rendered":"https:\/\/abomicspgx.com\/?page_id=3550"},"modified":"2025-08-06T19:07:13","modified_gmt":"2025-08-06T16:07:13","slug":"kirjaudu","status":"publish","type":"page","link":"https:\/\/abomicspgx.com\/fi\/kirjaudu\/","title":{"rendered":"Kirjaudu"},"content":{"rendered":"\t\t<div data-elementor-type=\"wp-page\" data-elementor-id=\"3550\" class=\"elementor elementor-3550\" data-elementor-post-type=\"page\">\n\t\t\t\t\t\t<section class=\"elementor-section elementor-top-section elementor-element elementor-element-1952b32 elementor-section-boxed elementor-section-height-default elementor-section-height-default\" data-id=\"1952b32\" data-element_type=\"section\" data-settings=\"{&quot;jet_parallax_layout_list&quot;:[],&quot;background_background&quot;:&quot;classic&quot;}\">\n\t\t\t\t\t\t<div class=\"elementor-container elementor-column-gap-default\">\n\t\t\t\t\t<div class=\"elementor-column elementor-col-100 elementor-top-column elementor-element elementor-element-165ab0c\" data-id=\"165ab0c\" data-element_type=\"column\">\n\t\t\t<div class=\"elementor-widget-wrap elementor-element-populated\">\n\t\t\t\t\t\t<div class=\"elementor-element elementor-element-68033b2 elementor-widget elementor-widget-heading\" data-id=\"68033b2\" data-element_type=\"widget\" data-widget_type=\"heading.default\">\n\t\t\t\t<div class=\"elementor-widget-container\">\n\t\t\t<h1 class=\"elementor-heading-title elementor-size-default\">Kirjautuminen<\/h1>\t\t<\/div>\n\t\t\t\t<\/div>\n\t\t\t\t\t<\/div>\n\t\t<\/div>\n\t\t\t\t\t<\/div>\n\t\t<\/section>\n\t\t\t\t<section class=\"elementor-section elementor-top-section elementor-element elementor-element-443af56 elementor-section-height-min-height elementor-section-full_width elementor-section-items-stretch jedv-enabled--yes elementor-section-height-default\" data-id=\"443af56\" data-element_type=\"section\" data-settings=\"{&quot;jet_parallax_layout_list&quot;:[],&quot;background_background&quot;:&quot;classic&quot;}\">\n\t\t\t\t\t\t<div class=\"elementor-container elementor-column-gap-default\">\n\t\t\t\t\t<div class=\"elementor-column elementor-col-50 elementor-top-column elementor-element elementor-element-9d69afd\" data-id=\"9d69afd\" data-element_type=\"column\" data-settings=\"{&quot;background_background&quot;:&quot;classic&quot;}\">\n\t\t\t<div class=\"elementor-widget-wrap elementor-element-populated\">\n\t\t\t\t\t\t<section class=\"elementor-section elementor-inner-section elementor-element elementor-element-8cebcea elementor-section-full_width elementor-section-height-default elementor-section-height-default elementor-invisible\" data-id=\"8cebcea\" data-element_type=\"section\" data-settings=\"{&quot;jet_parallax_layout_list&quot;:[],&quot;animation&quot;:&quot;fadeIn&quot;}\">\n\t\t\t\t\t\t<div class=\"elementor-container elementor-column-gap-default\">\n\t\t\t\t\t<div class=\"elementor-column elementor-col-100 elementor-inner-column elementor-element elementor-element-7d225ad\" data-id=\"7d225ad\" data-element_type=\"column\">\n\t\t\t<div class=\"elementor-widget-wrap elementor-element-populated\">\n\t\t\t\t\t\t<div class=\"elementor-element elementor-element-c6b94e6 elementor-widget elementor-widget-heading\" data-id=\"c6b94e6\" data-element_type=\"widget\" data-widget_type=\"heading.default\">\n\t\t\t\t<div class=\"elementor-widget-container\">\n\t\t\t<h2 class=\"elementor-heading-title elementor-size-default\">L\u00e4\u00e4k\u00e4risi n\u00e4kee terveydenhuollossa tehdyn testin tulokset potilastieto-j\u00e4rjestelm\u00e4ss\u00e4<\/h2>\t\t<\/div>\n\t\t\t\t<\/div>\n\t\t\t\t<div class=\"elementor-element elementor-element-cb3fe2c elementor-widget elementor-widget-text-editor\" data-id=\"cb3fe2c\" data-element_type=\"widget\" data-widget_type=\"text-editor.default\">\n\t\t\t\t<div class=\"elementor-widget-container\">\n\t\t\t\t\t\t\t<p>Hoitava l\u00e4\u00e4k\u00e4risi n\u00e4kee julkisen tai yksityisen terveydenhuollon toimipisteess\u00e4 tehdyn farmakogeneettisen testin tulokset potilastietoj\u00e4rjestelm\u00e4ss\u00e4 vastaavalla tavalla kuin muidenkin laboratoriotestien tulokset. My\u00f6s Abomics Oy:n laatima lausuntoraportti, joka sis\u00e4lt\u00e4\u00e4 l\u00e4\u00e4kekohtaiset suositukset, on l\u00e4\u00e4k\u00e4rin saatavilla joko tekstimuotoisessa tuloksessa olevan linkin tai potilastietoj\u00e4rjestelm\u00e4n avulla.&nbsp; Laboratoriotulokset voivat n\u00e4ky\u00e4 hoitaville l\u00e4\u00e4k\u00e4reillesi my\u00f6s muissa organisaatioissa, jos olet sallinut <strong><a href=\"https:\/\/www.kanta.fi\/potilastietojen-luovutuslupa\" target=\"_blank\" rel=\"noopener\"><span style=\"text-decoration: underline;\">tietojen luovuttamisen<\/span><\/a><\/strong>&nbsp;Kanta-palveluiden v\u00e4lityksell\u00e4.<\/p>\n<p>Voi my\u00f6s itse katsoa laboratoriotuloksiasi <strong><span style=\"text-decoration: underline;\"><a href=\"https:\/\/www.kanta.fi\/terveystiedot\" target=\"_blank\" rel=\"noopener\">Omakannan<\/a><\/span><\/strong> kautta, mik\u00e4li verin\u00e4ytteen teett\u00e4nyt organisaatio on liittynyt Kanta-palveluihin ja tallentanut laboratoriotuloksen Potilastiedon arkistoon. Omakannassa ei n\u00e4ytet\u00e4 potilastietoja, jotka on kirjattu ennen kuin terveydenhuollon organisaatio on liittynyt Kanta-palveluihin.<\/p>\t\t\t\t\t\t<\/div>\n\t\t\t\t<\/div>\n\t\t\t\t\t<\/div>\n\t\t<\/div>\n\t\t\t\t\t<\/div>\n\t\t<\/section>\n\t\t\t\t\t<\/div>\n\t\t<\/div>\n\t\t\t\t<div class=\"elementor-column elementor-col-50 elementor-top-column elementor-element elementor-element-58e8052\" data-id=\"58e8052\" data-element_type=\"column\" data-settings=\"{&quot;background_background&quot;:&quot;classic&quot;}\">\n\t\t\t<div class=\"elementor-widget-wrap elementor-element-populated\">\n\t\t\t\t\t\t<section class=\"elementor-section elementor-inner-section elementor-element elementor-element-491116e elementor-section-full_width elementor-section-height-default elementor-section-height-default elementor-invisible\" data-id=\"491116e\" data-element_type=\"section\" data-settings=\"{&quot;jet_parallax_layout_list&quot;:[],&quot;animation&quot;:&quot;fadeIn&quot;}\">\n\t\t\t\t\t\t<div class=\"elementor-container elementor-column-gap-default\">\n\t\t\t\t\t<div class=\"elementor-column elementor-col-100 elementor-inner-column elementor-element elementor-element-96d6ee8\" data-id=\"96d6ee8\" data-element_type=\"column\">\n\t\t\t<div class=\"elementor-widget-wrap elementor-element-populated\">\n\t\t\t\t\t\t<div class=\"elementor-element elementor-element-c69e7e3 elementor-widget elementor-widget-heading\" data-id=\"c69e7e3\" data-element_type=\"widget\" data-widget_type=\"heading.default\">\n\t\t\t\t<div class=\"elementor-widget-container\">\n\t\t\t<h2 class=\"elementor-heading-title elementor-size-default\">Jos olet k\u00e4ynyt verin\u00e4ytteess\u00e4<\/h2>\t\t<\/div>\n\t\t\t\t<\/div>\n\t\t\t\t<div class=\"elementor-element elementor-element-d04e299 elementor-widget elementor-widget-text-editor\" data-id=\"d04e299\" data-element_type=\"widget\" data-widget_type=\"text-editor.default\">\n\t\t\t\t<div class=\"elementor-widget-container\">\n\t\t\t\t\t\t\t<p>Jos olet k\u00e4ynyt verin\u00e4ytteess\u00e4 farmakogeneettist\u00e4 testi\u00e4 varten, sinulle on tehty automaattisesti Abomics GeneAccount -tunnus.<\/p><p>Kirjautumiseen tarvittava PIN-koodi:<\/p><ul><li>Olet saanut PIN-koodisi Abomicsilta tekstiviestin\u00e4, jos laboratoriol\u00e4hetteeseesi oli kirjattu matkapuhelinnumerosi.<\/li><li>Jos et ole viel\u00e4 saanut PIN-koodia tai et l\u00f6yd\u00e4 sit\u00e4, voit tilata sen sivun alareunan &#8217;En p\u00e4\u00e4se kirjautumaan&#8217;-napilla.<\/li><li>Jos alkuper\u00e4iseen laboratoriol\u00e4hetteeseesi ei ollut kirjattu matkapuhelinnumeroasi, ota yhteytt\u00e4 laboratorioon ja pyyd\u00e4 laboratoriota t\u00e4ydent\u00e4m\u00e4\u00e4n puuttuva matkapuhelinnumerosi.<\/li><\/ul><p>Huomaathan, ett\u00e4 potilastietoihin on kirjattu eri PIN-koodi, joka on tarkoitettu hoitohenkil\u00f6kunnan k\u00e4ytt\u00f6\u00f6n. Se ei toimi potilaan kirjautumisessa.<\/p><p>Er\u00e4isiin suppeampiin tutkimuksiin ei kuulu Abomics Oy:n lausuntopalvelua, jolloin kirjautuminen ei ole mahdollista.<\/p>\t\t\t\t\t\t<\/div>\n\t\t\t\t<\/div>\n\t\t\t\t\t<\/div>\n\t\t<\/div>\n\t\t\t\t\t<\/div>\n\t\t<\/section>\n\t\t\t\t<div class=\"elementor-element elementor-element-42b9e12 elementor-widget elementor-widget-button\" data-id=\"42b9e12\" data-element_type=\"widget\" data-widget_type=\"button.default\">\n\t\t\t\t<div class=\"elementor-widget-container\">\n\t\t\t\t\t\t\t<div class=\"elementor-button-wrapper\">\n\t\t\t\t\t<a class=\"elementor-button elementor-button-link elementor-size-sm\" href=\"https:\/\/oma.geenitaltio.fi\/\" target=\"_blank\">\n\t\t\t\t\t\t<span class=\"elementor-button-content-wrapper\">\n\t\t\t\t\t\t\t\t\t<span class=\"elementor-button-text\">Kirjaudu<\/span>\n\t\t\t\t\t<\/span>\n\t\t\t\t\t<\/a>\n\t\t\t\t<\/div>\n\t\t\t\t\t\t<\/div>\n\t\t\t\t<\/div>\n\t\t\t\t\t<\/div>\n\t\t<\/div>\n\t\t\t\t\t<\/div>\n\t\t<\/section>\n\t\t\t\t<section class=\"elementor-section elementor-top-section elementor-element elementor-element-710676b elementor-section-height-min-height elementor-section-full_width elementor-section-items-stretch jedv-enabled--yes elementor-section-height-default\" data-id=\"710676b\" data-element_type=\"section\" data-settings=\"{&quot;jet_parallax_layout_list&quot;:[],&quot;background_background&quot;:&quot;classic&quot;}\">\n\t\t\t\t\t\t<div class=\"elementor-container elementor-column-gap-default\">\n\t\t\t\t\t<div class=\"elementor-column elementor-col-50 elementor-top-column elementor-element elementor-element-3dae38b elementor-hidden-desktop elementor-hidden-tablet elementor-hidden-mobile\" data-id=\"3dae38b\" data-element_type=\"column\" data-settings=\"{&quot;background_background&quot;:&quot;classic&quot;}\">\n\t\t\t<div class=\"elementor-widget-wrap elementor-element-populated\">\n\t\t\t\t\t\t<section class=\"elementor-section elementor-inner-section elementor-element elementor-element-a342105 elementor-section-full_width elementor-section-height-default elementor-section-height-default elementor-invisible\" data-id=\"a342105\" data-element_type=\"section\" data-settings=\"{&quot;jet_parallax_layout_list&quot;:[],&quot;animation&quot;:&quot;fadeIn&quot;}\">\n\t\t\t\t\t\t<div class=\"elementor-container elementor-column-gap-default\">\n\t\t\t\t\t<div class=\"elementor-column elementor-col-100 elementor-inner-column elementor-element elementor-element-0e7b432\" data-id=\"0e7b432\" data-element_type=\"column\">\n\t\t\t<div class=\"elementor-widget-wrap elementor-element-populated\">\n\t\t\t\t\t\t<div class=\"elementor-element elementor-element-13a1f57 elementor-widget elementor-widget-heading\" data-id=\"13a1f57\" data-element_type=\"widget\" data-widget_type=\"heading.default\">\n\t\t\t\t<div class=\"elementor-widget-container\">\n\t\t\t<h2 class=\"elementor-heading-title elementor-size-default\">Jos olet ottanut n\u00e4ytteen posken limakalvolta<\/h2>\t\t<\/div>\n\t\t\t\t<\/div>\n\t\t\t\t<div class=\"elementor-element elementor-element-9274d31 elementor-widget elementor-widget-text-editor\" data-id=\"9274d31\" data-element_type=\"widget\" data-widget_type=\"text-editor.default\">\n\t\t\t\t<div class=\"elementor-widget-container\">\n\t\t\t\t\t\t\t<p>Jos olet tehnyt farmakogeneettisen testin k\u00e4ytt\u00e4m\u00e4ll\u00e4 Abomicsin kotin\u00e4ytteenottopakkausta, olet luonut Abomics GeneAccount -tunnuksesi rekister\u00f6idess\u00e4si n\u00e4ytteenottoputkilosi verkkopalvelussamme. P\u00e4\u00e4set kirjautumaan tuloksiisi itse m\u00e4\u00e4rittelemill\u00e4si s\u00e4hk\u00f6postiosoitteella ja salasanalla.<\/p>\t\t\t\t\t\t<\/div>\n\t\t\t\t<\/div>\n\t\t\t\t\t<\/div>\n\t\t<\/div>\n\t\t\t\t\t<\/div>\n\t\t<\/section>\n\t\t\t\t<div class=\"elementor-element elementor-element-006b563 elementor-widget elementor-widget-button\" data-id=\"006b563\" data-element_type=\"widget\" data-widget_type=\"button.default\">\n\t\t\t\t<div class=\"elementor-widget-container\">\n\t\t\t\t\t\t\t<div class=\"elementor-button-wrapper\">\n\t\t\t\t\t<a class=\"elementor-button elementor-button-link elementor-size-sm\" href=\"https:\/\/portal.geneaccount.com\/\" target=\"_blank\">\n\t\t\t\t\t\t<span class=\"elementor-button-content-wrapper\">\n\t\t\t\t\t\t\t\t\t<span class=\"elementor-button-text\">Kirjaudu<\/span>\n\t\t\t\t\t<\/span>\n\t\t\t\t\t<\/a>\n\t\t\t\t<\/div>\n\t\t\t\t\t\t<\/div>\n\t\t\t\t<\/div>\n\t\t\t\t\t<\/div>\n\t\t<\/div>\n\t\t\t\t<div class=\"elementor-column elementor-col-50 elementor-top-column elementor-element elementor-element-d9377b6\" data-id=\"d9377b6\" data-element_type=\"column\" data-settings=\"{&quot;background_background&quot;:&quot;classic&quot;}\">\n\t\t\t<div class=\"elementor-widget-wrap elementor-element-populated\">\n\t\t\t\t\t\t<section class=\"elementor-section elementor-inner-section elementor-element elementor-element-96489a4 elementor-section-full_width elementor-section-height-default elementor-section-height-default elementor-invisible\" data-id=\"96489a4\" data-element_type=\"section\" data-settings=\"{&quot;jet_parallax_layout_list&quot;:[],&quot;animation&quot;:&quot;fadeIn&quot;}\">\n\t\t\t\t\t\t<div class=\"elementor-container elementor-column-gap-default\">\n\t\t\t\t\t<div class=\"elementor-column elementor-col-100 elementor-inner-column elementor-element elementor-element-5111667\" data-id=\"5111667\" data-element_type=\"column\">\n\t\t\t<div class=\"elementor-widget-wrap elementor-element-populated\">\n\t\t\t\t\t\t<div class=\"elementor-element elementor-element-7959397 elementor-widget elementor-widget-heading\" data-id=\"7959397\" data-element_type=\"widget\" data-widget_type=\"heading.default\">\n\t\t\t\t<div class=\"elementor-widget-container\">\n\t\t\t<h2 class=\"elementor-heading-title elementor-size-default\">Jos raportissasi on QR-koodi<\/h2>\t\t<\/div>\n\t\t\t\t<\/div>\n\t\t\t\t<div class=\"elementor-element elementor-element-6f2c768 elementor-widget elementor-widget-text-editor\" data-id=\"6f2c768\" data-element_type=\"widget\" data-widget_type=\"text-editor.default\">\n\t\t\t\t<div class=\"elementor-widget-container\">\n\t\t\t\t\t\t\t<p>Jos olet saanut farmakogeneettisen raportin, jossa on QR-koodi, voit kirjautua tunnuskoodilla ja PIN-koodilla, jotka l\u00f6ytyv\u00e4t raportistasi. Voit my\u00f6s skannata raportissa olevan QR-koodin, joka vie automaattisesti kirjautumissivulle ja t\u00e4ytt\u00e4\u00e4 tunnuskoodin valmiiksi, jolloin tarvitset vain PIN-koodin.<\/p>\t\t\t\t\t\t<\/div>\n\t\t\t\t<\/div>\n\t\t\t\t\t<\/div>\n\t\t<\/div>\n\t\t\t\t\t<\/div>\n\t\t<\/section>\n\t\t\t\t<div class=\"elementor-element elementor-element-8cb51be elementor-widget elementor-widget-button\" data-id=\"8cb51be\" data-element_type=\"widget\" data-widget_type=\"button.default\">\n\t\t\t\t<div class=\"elementor-widget-container\">\n\t\t\t\t\t\t\t<div class=\"elementor-button-wrapper\">\n\t\t\t\t\t<a class=\"elementor-button elementor-button-link elementor-size-sm\" href=\"https:\/\/my.geneaccount.com\/\" target=\"_blank\">\n\t\t\t\t\t\t<span class=\"elementor-button-content-wrapper\">\n\t\t\t\t\t\t\t\t\t<span class=\"elementor-button-text\">Kirjaudu<\/span>\n\t\t\t\t\t<\/span>\n\t\t\t\t\t<\/a>\n\t\t\t\t<\/div>\n\t\t\t\t\t\t<\/div>\n\t\t\t\t<\/div>\n\t\t\t\t\t<\/div>\n\t\t<\/div>\n\t\t\t\t\t<\/div>\n\t\t<\/section>\n\t\t\t\t<\/div>\n\t\t","protected":false},"excerpt":{"rendered":"<p>Kirjautuminen L\u00e4\u00e4k\u00e4risi n\u00e4kee terveydenhuollossa tehdyn testin tulokset potilastieto-j\u00e4rjestelm\u00e4ss\u00e4 Hoitava l\u00e4\u00e4k\u00e4risi n\u00e4kee julkisen tai yksityisen terveydenhuollon toimipisteess\u00e4 tehdyn farmakogeneettisen testin tulokset potilastietoj\u00e4rjestelm\u00e4ss\u00e4 vastaavalla tavalla kuin muidenkin laboratoriotestien tulokset. My\u00f6s Abomics Oy:n laatima lausuntoraportti, joka sis\u00e4lt\u00e4\u00e4 l\u00e4\u00e4kekohtaiset suositukset, on l\u00e4\u00e4k\u00e4rin saatavilla joko tekstimuotoisessa tuloksessa olevan linkin tai potilastietoj\u00e4rjestelm\u00e4n avulla.&nbsp; Laboratoriotulokset voivat n\u00e4ky\u00e4 hoitaville l\u00e4\u00e4k\u00e4reillesi my\u00f6s muissa organisaatioissa, [&hellip;]<\/p>\n","protected":false},"author":1,"featured_media":0,"parent":0,"menu_order":0,"comment_status":"closed","ping_status":"closed","template":"","meta":{"content-type":"","_uf_show_specific_survey":0,"_uf_disable_surveys":false,"footnotes":""},"class_list":["post-3550","page","type-page","status-publish","hentry"],"aioseo_notices":[],"_links":{"self":[{"href":"https:\/\/abomicspgx.com\/fi\/wp-json\/wp\/v2\/pages\/3550","targetHints":{"allow":["GET"]}}],"collection":[{"href":"https:\/\/abomicspgx.com\/fi\/wp-json\/wp\/v2\/pages"}],"about":[{"href":"https:\/\/abomicspgx.com\/fi\/wp-json\/wp\/v2\/types\/page"}],"author":[{"embeddable":true,"href":"https:\/\/abomicspgx.com\/fi\/wp-json\/wp\/v2\/users\/1"}],"replies":[{"embeddable":true,"href":"https:\/\/abomicspgx.com\/fi\/wp-json\/wp\/v2\/comments?post=3550"}],"version-history":[{"count":20,"href":"https:\/\/abomicspgx.com\/fi\/wp-json\/wp\/v2\/pages\/3550\/revisions"}],"predecessor-version":[{"id":7453,"href":"https:\/\/abomicspgx.com\/fi\/wp-json\/wp\/v2\/pages\/3550\/revisions\/7453"}],"wp:attachment":[{"href":"https:\/\/abomicspgx.com\/fi\/wp-json\/wp\/v2\/media?parent=3550"}],"curies":[{"name":"wp","href":"https:\/\/api.w.org\/{rel}","templated":true}]}}