{"id":35,"date":"2022-11-16T09:12:43","date_gmt":"2022-11-16T07:12:43","guid":{"rendered":"https:\/\/abomicspgx.com\/?page_id=35"},"modified":"2025-12-22T15:27:11","modified_gmt":"2025-12-22T13:27:11","slug":"ota-yhteytta","status":"publish","type":"page","link":"https:\/\/abomicspgx.com\/fi\/ota-yhteytta\/","title":{"rendered":"Yhteystiedot"},"content":{"rendered":"\t\t<div data-elementor-type=\"wp-page\" data-elementor-id=\"35\" class=\"elementor elementor-35\" data-elementor-post-type=\"page\">\n\t\t\t\t\t\t<section class=\"elementor-section elementor-top-section elementor-element elementor-element-205c0eb elementor-section-height-min-height elementor-section-full_width elementor-section-items-stretch elementor-section-height-default\" data-id=\"205c0eb\" data-element_type=\"section\" data-settings=\"{&quot;jet_parallax_layout_list&quot;:[]}\">\n\t\t\t\t\t\t<div class=\"elementor-container elementor-column-gap-default\">\n\t\t\t\t\t<div class=\"elementor-column elementor-col-50 elementor-top-column elementor-element elementor-element-7036139\" data-id=\"7036139\" data-element_type=\"column\" data-settings=\"{&quot;background_background&quot;:&quot;classic&quot;}\">\n\t\t\t<div class=\"elementor-widget-wrap elementor-element-populated\">\n\t\t\t\t\t<div class=\"elementor-background-overlay\"><\/div>\n\t\t\t\t\t\t<section class=\"elementor-section elementor-inner-section elementor-element elementor-element-1ea5589 elementor-section-full_width elementor-section-height-default elementor-section-height-default elementor-invisible\" data-id=\"1ea5589\" data-element_type=\"section\" data-settings=\"{&quot;jet_parallax_layout_list&quot;:[],&quot;animation&quot;:&quot;fadeIn&quot;}\">\n\t\t\t\t\t\t<div class=\"elementor-container elementor-column-gap-default\">\n\t\t\t\t\t<div class=\"elementor-column elementor-col-100 elementor-inner-column elementor-element elementor-element-55ac6a7\" data-id=\"55ac6a7\" data-element_type=\"column\" data-settings=\"{&quot;background_background&quot;:&quot;classic&quot;}\">\n\t\t\t<div class=\"elementor-widget-wrap elementor-element-populated\">\n\t\t\t\t\t\t<div class=\"elementor-element elementor-element-c6f7bf1 elementor-widget elementor-widget-heading\" data-id=\"c6f7bf1\" data-element_type=\"widget\" data-widget_type=\"heading.default\">\n\t\t\t\t<div class=\"elementor-widget-container\">\n\t\t\t<h1 class=\"elementor-heading-title elementor-size-default\">Yhteystiedot<\/h1>\t\t<\/div>\n\t\t\t\t<\/div>\n\t\t\t\t<div class=\"elementor-element elementor-element-db69873 elementor-widget elementor-widget-text-editor\" data-id=\"db69873\" data-element_type=\"widget\" data-widget_type=\"text-editor.default\">\n\t\t\t\t<div class=\"elementor-widget-container\">\n\t\t\t\t\t\t\t<h5><a class=\"asm_general_email\" href=\"mailto:info@abomics.fi\">info(at)abomics.fi<\/a><\/h5><h5><a class=\"asm_general_phone\" href=\"tel:+35824542500\">+358 2\u202f454 2500<\/a><\/h5><h5>Yliopistonkatu 31<br \/>20100 Turku<\/h5>\t\t\t\t\t\t<\/div>\n\t\t\t\t<\/div>\n\t\t\t\t\t<\/div>\n\t\t<\/div>\n\t\t\t\t\t<\/div>\n\t\t<\/section>\n\t\t\t\t\t<\/div>\n\t\t<\/div>\n\t\t\t\t<div class=\"elementor-column elementor-col-50 elementor-top-column elementor-element elementor-element-b152800 elementor-invisible\" data-id=\"b152800\" data-element_type=\"column\" data-settings=\"{&quot;animation&quot;:&quot;fadeIn&quot;,&quot;background_background&quot;:&quot;classic&quot;}\">\n\t\t\t<div class=\"elementor-widget-wrap elementor-element-populated\">\n\t\t\t\t\t\t<div class=\"elementor-element elementor-element-0afbbdf elementor-widget__width-initial elementor-widget elementor-widget-jet-team-member\" data-id=\"0afbbdf\" data-element_type=\"widget\" data-widget_type=\"jet-team-member.default\">\n\t\t\t\t<div class=\"elementor-widget-container\">\n\t\t\t<div class=\"elementor-jet-team-member jet-elements\"><div class=\"jet-team-member\">\n\t<div class=\"jet-team-member__inner\">\n\t\t<div class=\"jet-team-member__image\">\n\t\t\t<div class=\"jet-team-member__cover\"><\/div>\n\t\t\t<figure class=\"jet-team-member__figure\"><img fetchpriority=\"high\" decoding=\"async\" width=\"500\" height=\"625\" src=\"https:\/\/abomicspgx.com\/wp-content\/uploads\/2025\/05\/Sami-Miettinen.jpg\" class=\"jet-team-member__img-tag\" alt=\"Sami Miettinen, CEO\" srcset=\"https:\/\/abomicspgx.com\/wp-content\/uploads\/2025\/05\/Sami-Miettinen.jpg 500w, https:\/\/abomicspgx.com\/wp-content\/uploads\/2025\/05\/Sami-Miettinen-240x300.jpg 240w\" sizes=\"(max-width: 500px) 100vw, 500px\" \/><\/figure>\t\t<\/div>\n\t\t<div class=\"jet-team-member__content\"><h3 class=\"jet-team-member__name\"><span class=\"jet-team-member__name-first\">Sami Miettinen<\/span><\/h3><div class=\"jet-team-member__position\"><span>Toimitusjohtaja<\/span><\/div><div class=\"jet-team-member__socials\"><div class=\"jet-team-member__socials-item\"><a href=\"mailto:sami.miettinen@abomics.fi\" aria-label=\"sami.miettinen@abomics.fi\"><span class=\"jet-team-member__socials-label\">sami.miettinen@abomics.fi<\/span><\/a><\/div><div class=\"jet-team-member__socials-item\"><a href=\"tel:+358%2040%20590%209799\" aria-label=\"+358 40 590 9799\"><span class=\"jet-team-member__socials-label\">+358 40 590 9799<\/span><\/a><\/div><\/div><\/div>\n\t<\/div>\n<\/div>\n<\/div>\t\t<\/div>\n\t\t\t\t<\/div>\n\t\t\t\t<div class=\"elementor-element elementor-element-a8317a8 elementor-widget__width-initial elementor-widget elementor-widget-jet-team-member\" data-id=\"a8317a8\" data-element_type=\"widget\" data-widget_type=\"jet-team-member.default\">\n\t\t\t\t<div class=\"elementor-widget-container\">\n\t\t\t<div class=\"elementor-jet-team-member jet-elements\"><div class=\"jet-team-member\">\n\t<div class=\"jet-team-member__inner\">\n\t\t<div class=\"jet-team-member__image\">\n\t\t\t<div class=\"jet-team-member__cover\"><\/div>\n\t\t\t<figure class=\"jet-team-member__figure\"><img decoding=\"async\" width=\"500\" height=\"625\" src=\"https:\/\/abomicspgx.com\/wp-content\/uploads\/2025\/05\/Henriikka-Halinen.jpg\" class=\"jet-team-member__img-tag\" alt=\"Henriikka Halinen, Chief Commercial Officer\" srcset=\"https:\/\/abomicspgx.com\/wp-content\/uploads\/2025\/05\/Henriikka-Halinen.jpg 500w, https:\/\/abomicspgx.com\/wp-content\/uploads\/2025\/05\/Henriikka-Halinen-240x300.jpg 240w\" sizes=\"(max-width: 500px) 100vw, 500px\" \/><\/figure>\t\t<\/div>\n\t\t<div class=\"jet-team-member__content\"><h3 class=\"jet-team-member__name\"><span class=\"jet-team-member__name-first\">Henriikka Halinen<\/span><\/h3><div class=\"jet-team-member__position\"><span>Kaupallinen johtaja<\/span><\/div><div class=\"jet-team-member__socials\"><div class=\"jet-team-member__socials-item\"><a href=\"mailto:saara.larmala@abomics.fi\" aria-label=\"henriikka.halinen@abomics.fi\"><span class=\"jet-team-member__socials-label\">henriikka.halinen@abomics.fi<\/span><\/a><\/div><\/div><\/div>\n\t<\/div>\n<\/div>\n<\/div>\t\t<\/div>\n\t\t\t\t<\/div>\n\t\t\t\t<div class=\"elementor-element elementor-element-20d1da1 elementor-widget__width-initial jedv-enabled--yes elementor-widget elementor-widget-jet-team-member\" data-id=\"20d1da1\" data-element_type=\"widget\" data-widget_type=\"jet-team-member.default\">\n\t\t\t\t<div class=\"elementor-widget-container\">\n\t\t\t<div class=\"elementor-jet-team-member jet-elements\"><div class=\"jet-team-member\">\n\t<div class=\"jet-team-member__inner\">\n\t\t<div class=\"jet-team-member__image\">\n\t\t\t<div class=\"jet-team-member__cover\"><\/div>\n\t\t\t<figure class=\"jet-team-member__figure\"><img decoding=\"async\" width=\"500\" height=\"625\" src=\"https:\/\/abomicspgx.com\/wp-content\/uploads\/2025\/05\/Joni-Makela.jpg\" class=\"jet-team-member__img-tag\" alt=\"Joni M\u00e4kel\u00e4, asiakkuusp\u00e4\u00e4llikk\u00f6\" srcset=\"https:\/\/abomicspgx.com\/wp-content\/uploads\/2025\/05\/Joni-Makela.jpg 500w, https:\/\/abomicspgx.com\/wp-content\/uploads\/2025\/05\/Joni-Makela-240x300.jpg 240w\" sizes=\"(max-width: 500px) 100vw, 500px\" \/><\/figure>\t\t<\/div>\n\t\t<div class=\"jet-team-member__content\"><h3 class=\"jet-team-member__name\"><span class=\"jet-team-member__name-first\">Joni M\u00e4kel\u00e4<\/span><\/h3><div class=\"jet-team-member__position\"><span>Asiakasp\u00e4\u00e4llikk\u00f6<\/span><\/div><div class=\"jet-team-member__socials\"><div class=\"jet-team-member__socials-item\"><a href=\"mailto:joni.makela@abomics.fi\" aria-label=\"joni.makela@abomics.fi\"><span class=\"jet-team-member__socials-label\">joni.makela@abomics.fi<\/span><\/a><\/div><div class=\"jet-team-member__socials-item\"><a href=\"tel:+358%2050%20310%202938\" aria-label=\"+358 50 310 2938\"><span class=\"jet-team-member__socials-label\">+358 50 310 2938<\/span><\/a><\/div><\/div><\/div>\n\t<\/div>\n<\/div>\n<\/div>\t\t<\/div>\n\t\t\t\t<\/div>\n\t\t\t\t\t<\/div>\n\t\t<\/div>\n\t\t\t\t\t<\/div>\n\t\t<\/section>\n\t\t\t\t<section class=\"elementor-section elementor-top-section elementor-element elementor-element-175ad4f elementor-section-height-min-height elementor-section-full_width elementor-section-items-stretch elementor-section-height-default\" data-id=\"175ad4f\" data-element_type=\"section\" data-settings=\"{&quot;jet_parallax_layout_list&quot;:[],&quot;background_background&quot;:&quot;classic&quot;}\">\n\t\t\t\t\t\t<div class=\"elementor-container elementor-column-gap-default\">\n\t\t\t\t\t<div class=\"elementor-column elementor-col-50 elementor-top-column elementor-element elementor-element-2a2977a elementor-invisible\" data-id=\"2a2977a\" data-element_type=\"column\" data-settings=\"{&quot;animation&quot;:&quot;fadeIn&quot;,&quot;background_background&quot;:&quot;classic&quot;}\">\n\t\t\t<div class=\"elementor-widget-wrap elementor-element-populated\">\n\t\t\t\t\t\t<div class=\"elementor-element elementor-element-6603321 elementor-widget elementor-widget-heading\" data-id=\"6603321\" data-element_type=\"widget\" data-widget_type=\"heading.default\">\n\t\t\t\t<div class=\"elementor-widget-container\">\n\t\t\t<h2 class=\"elementor-heading-title elementor-size-default\">K\u00e4yntiosoite<\/h2>\t\t<\/div>\n\t\t\t\t<\/div>\n\t\t\t\t<div class=\"elementor-element elementor-element-d2f9a79 elementor-widget elementor-widget-text-editor\" data-id=\"d2f9a79\" data-element_type=\"widget\" data-widget_type=\"text-editor.default\">\n\t\t\t\t<div class=\"elementor-widget-container\">\n\t\t\t\t\t\t\t<p><strong>Abomics Oy <br \/><\/strong><\/p><p>Regus<\/p><p>Yliopistonkatu 31<br \/>20100 Turku, Finland<\/p>\t\t\t\t\t\t<\/div>\n\t\t\t\t<\/div>\n\t\t\t\t\t<\/div>\n\t\t<\/div>\n\t\t\t\t<div class=\"elementor-column elementor-col-50 elementor-top-column elementor-element elementor-element-5c5e0da\" data-id=\"5c5e0da\" data-element_type=\"column\">\n\t\t\t<div class=\"elementor-widget-wrap elementor-element-populated\">\n\t\t\t\t\t\t<div class=\"elementor-element elementor-element-2097e9a elementor-widget elementor-widget-google_maps\" data-id=\"2097e9a\" data-element_type=\"widget\" data-widget_type=\"google_maps.default\">\n\t\t\t\t<div class=\"elementor-widget-container\">\n\t\t\t\t\t<div class=\"elementor-custom-embed\">\n\t\t\t<iframe loading=\"lazy\"\n\t\t\t\t\tsrc=\"https:\/\/maps.google.com\/maps?q=Abomics%20Oy%2C%20Yliopistonkatu%2031%2C%2020100%20Turku&#038;t=m&#038;z=16&#038;output=embed&#038;iwloc=near\"\n\t\t\t\t\ttitle=\"Abomics Oy, Yliopistonkatu 31, 20100 Turku\"\n\t\t\t\t\taria-label=\"Abomics Oy, Yliopistonkatu 31, 20100 Turku\"\n\t\t\t><\/iframe>\n\t\t<\/div>\n\t\t\t\t<\/div>\n\t\t\t\t<\/div>\n\t\t\t\t\t<\/div>\n\t\t<\/div>\n\t\t\t\t\t<\/div>\n\t\t<\/section>\n\t\t\t\t<section class=\"elementor-section elementor-top-section elementor-element elementor-element-3734999 elementor-section-height-min-height elementor-section-full_width elementor-section-items-stretch elementor-reverse-mobile elementor-section-height-default\" data-id=\"3734999\" data-element_type=\"section\" data-settings=\"{&quot;jet_parallax_layout_list&quot;:[],&quot;background_background&quot;:&quot;classic&quot;}\">\n\t\t\t\t\t\t<div class=\"elementor-container elementor-column-gap-default\">\n\t\t\t\t\t<div class=\"elementor-column elementor-col-50 elementor-top-column elementor-element elementor-element-118a25a\" data-id=\"118a25a\" data-element_type=\"column\">\n\t\t\t<div class=\"elementor-widget-wrap elementor-element-populated\">\n\t\t\t\t\t\t<div class=\"elementor-element elementor-element-208f756 elementor-widget elementor-widget-image\" data-id=\"208f756\" data-element_type=\"widget\" data-widget_type=\"image.default\">\n\t\t\t\t<div class=\"elementor-widget-container\">\n\t\t\t\t\t\t\t\t\t\t\t\t\t<img loading=\"lazy\" decoding=\"async\" width=\"800\" height=\"534\" src=\"https:\/\/abomicspgx.com\/wp-content\/uploads\/2023\/01\/AdobeStock_189715206-1024x683.jpeg\" class=\"attachment-large size-large wp-image-2322\" alt=\"\" srcset=\"https:\/\/abomicspgx.com\/wp-content\/uploads\/2023\/01\/AdobeStock_189715206-1024x683.jpeg 1024w, https:\/\/abomicspgx.com\/wp-content\/uploads\/2023\/01\/AdobeStock_189715206-300x200.jpeg 300w, https:\/\/abomicspgx.com\/wp-content\/uploads\/2023\/01\/AdobeStock_189715206-768x512.jpeg 768w, https:\/\/abomicspgx.com\/wp-content\/uploads\/2023\/01\/AdobeStock_189715206-1536x1024.jpeg 1536w, https:\/\/abomicspgx.com\/wp-content\/uploads\/2023\/01\/AdobeStock_189715206-scaled.jpeg 2048w\" sizes=\"(max-width: 800px) 100vw, 800px\" \/>\t\t\t\t\t\t\t\t\t\t\t\t\t<\/div>\n\t\t\t\t<\/div>\n\t\t\t\t\t<\/div>\n\t\t<\/div>\n\t\t\t\t<div class=\"elementor-column elementor-col-50 elementor-top-column elementor-element elementor-element-9ee9627 elementor-invisible\" data-id=\"9ee9627\" data-element_type=\"column\" data-settings=\"{&quot;animation&quot;:&quot;fadeIn&quot;}\">\n\t\t\t<div class=\"elementor-widget-wrap elementor-element-populated\">\n\t\t\t\t\t\t<div class=\"elementor-element elementor-element-538569f elementor-widget elementor-widget-heading\" data-id=\"538569f\" data-element_type=\"widget\" data-widget_type=\"heading.default\">\n\t\t\t\t<div class=\"elementor-widget-container\">\n\t\t\t<h2 class=\"elementor-heading-title elementor-size-default\">Laskutus<\/h2>\t\t<\/div>\n\t\t\t\t<\/div>\n\t\t\t\t<div class=\"elementor-element elementor-element-9d812bb elementor-widget elementor-widget-text-editor\" data-id=\"9d812bb\" data-element_type=\"widget\" data-widget_type=\"text-editor.default\">\n\t\t\t\t<div class=\"elementor-widget-container\">\n\t\t\t\t\t\t\t<h4><strong><span style=\"text-decoration: underline;\">Y-tunnus:<\/span> 2544609-2<\/strong><\/h4>\t\t\t\t\t\t<\/div>\n\t\t\t\t<\/div>\n\t\t\t\t<div class=\"elementor-element elementor-element-043e199 elementor-widget elementor-widget-text-editor\" data-id=\"043e199\" data-element_type=\"widget\" data-widget_type=\"text-editor.default\">\n\t\t\t\t<div class=\"elementor-widget-container\">\n\t\t\t\t\t\t\t<h4><span style=\"text-decoration: underline;\"><strong>Verkkolaskut:<\/strong><\/span><\/h4>\t\t\t\t\t\t<\/div>\n\t\t\t\t<\/div>\n\t\t\t\t<div class=\"elementor-element elementor-element-72b3044 elementor-widget elementor-widget-text-editor\" data-id=\"72b3044\" data-element_type=\"widget\" data-widget_type=\"text-editor.default\">\n\t\t\t\t<div class=\"elementor-widget-container\">\n\t\t\t\t\t\t\t<p><strong>Verkkolaskuosoite \/ OVT-Tunnus: <\/strong>003725446092<br \/><strong>Operaattori:<\/strong> Apix Messaging Oy (003723327487)<\/p><p>Huomioittehan, ett\u00e4 mik\u00e4li k\u00e4yt\u00f6ss\u00e4nne on jokin seuraavista operaattoreista verkkolaskun l\u00e4hett\u00e4miseen: Danske Bank Oyj, Handelsbanken, Paikallisosuuspankit tai S\u00e4\u00e4st\u00f6pankit, tulee teid\u00e4n k\u00e4ytt\u00e4\u00e4 Apixin verkkolaskuosoitteenamme seuraavaa osoitetta:\u00a0<strong>Verkkolaskuosoite:\u00a0<\/strong> 003723327487 ja <strong>operaattoritunnus:<\/strong> DABAFIHH.<\/p>\t\t\t\t\t\t<\/div>\n\t\t\t\t<\/div>\n\t\t\t\t<div class=\"elementor-element elementor-element-5e267db elementor-widget elementor-widget-text-editor\" data-id=\"5e267db\" data-element_type=\"widget\" data-widget_type=\"text-editor.default\">\n\t\t\t\t<div class=\"elementor-widget-container\">\n\t\t\t\t\t\t\t<h4><span style=\"text-decoration: underline;\"><strong>Paperilaskujen skannauksen osoite:<\/strong><\/span><\/h4>\t\t\t\t\t\t<\/div>\n\t\t\t\t<\/div>\n\t\t\t\t<div class=\"elementor-element elementor-element-a31f5e8 elementor-widget elementor-widget-text-editor\" data-id=\"a31f5e8\" data-element_type=\"widget\" data-widget_type=\"text-editor.default\">\n\t\t\t\t<div class=\"elementor-widget-container\">\n\t\t\t\t\t\t\t<p>Abomics Oy (Apix Skannauspalvelu)<br \/>PL 21899<br \/>00063 LASKUNET<br \/>Finland<\/p>\t\t\t\t\t\t<\/div>\n\t\t\t\t<\/div>\n\t\t\t\t\t<\/div>\n\t\t<\/div>\n\t\t\t\t\t<\/div>\n\t\t<\/section>\n\t\t\t\t<\/div>\n\t\t","protected":false},"excerpt":{"rendered":"<p>Yhteystiedot info(at)abomics.fi +358 2\u202f454 2500 Yliopistonkatu 3120100 Turku Sami Miettinen Toimitusjohtaja Henriikka Halinen Kaupallinen johtaja Joni M\u00e4kel\u00e4 Asiakasp\u00e4\u00e4llikk\u00f6 K\u00e4yntiosoite Abomics Oy Regus Yliopistonkatu 3120100 Turku, Finland Laskutus Y-tunnus: 2544609-2 Verkkolaskut: Verkkolaskuosoite \/ OVT-Tunnus: 003725446092Operaattori: Apix Messaging Oy (003723327487) Huomioittehan, ett\u00e4 mik\u00e4li k\u00e4yt\u00f6ss\u00e4nne on jokin seuraavista operaattoreista verkkolaskun l\u00e4hett\u00e4miseen: Danske Bank Oyj, Handelsbanken, Paikallisosuuspankit tai S\u00e4\u00e4st\u00f6pankit, [&hellip;]<\/p>\n","protected":false},"author":1,"featured_media":0,"parent":0,"menu_order":0,"comment_status":"closed","ping_status":"closed","template":"","meta":{"content-type":"","_uf_show_specific_survey":0,"_uf_disable_surveys":false,"footnotes":""},"class_list":["post-35","page","type-page","status-publish","hentry"],"aioseo_notices":[],"_links":{"self":[{"href":"https:\/\/abomicspgx.com\/fi\/wp-json\/wp\/v2\/pages\/35","targetHints":{"allow":["GET"]}}],"collection":[{"href":"https:\/\/abomicspgx.com\/fi\/wp-json\/wp\/v2\/pages"}],"about":[{"href":"https:\/\/abomicspgx.com\/fi\/wp-json\/wp\/v2\/types\/page"}],"author":[{"embeddable":true,"href":"https:\/\/abomicspgx.com\/fi\/wp-json\/wp\/v2\/users\/1"}],"replies":[{"embeddable":true,"href":"https:\/\/abomicspgx.com\/fi\/wp-json\/wp\/v2\/comments?post=35"}],"version-history":[{"count":20,"href":"https:\/\/abomicspgx.com\/fi\/wp-json\/wp\/v2\/pages\/35\/revisions"}],"predecessor-version":[{"id":7494,"href":"https:\/\/abomicspgx.com\/fi\/wp-json\/wp\/v2\/pages\/35\/revisions\/7494"}],"wp:attachment":[{"href":"https:\/\/abomicspgx.com\/fi\/wp-json\/wp\/v2\/media?parent=35"}],"curies":[{"name":"wp","href":"https:\/\/api.w.org\/{rel}","templated":true}]}}