{"id":6663,"date":"2023-05-03T10:08:36","date_gmt":"2023-05-03T07:08:36","guid":{"rendered":"https:\/\/abomicspgx.com\/for-doctors\/scientific-evidence\/adverse-reactions\/"},"modified":"2024-01-16T14:57:02","modified_gmt":"2024-01-16T12:57:02","slug":"adverse-reactions","status":"publish","type":"page","link":"https:\/\/abomicspgx.com\/en-gb\/for-doctors\/scientific-evidence\/adverse-reactions\/","title":{"rendered":"Adverse Drug Reactions"},"content":{"rendered":"\t\t<div data-elementor-type=\"wp-page\" data-elementor-id=\"6663\" class=\"elementor elementor-6663 elementor-5281\" data-elementor-post-type=\"page\">\n\t\t\t\t\t\t<section class=\"elementor-section elementor-top-section elementor-element elementor-element-029255d elementor-section-height-min-height elementor-section-full_width elementor-section-items-stretch elementor-section-height-default\" data-id=\"029255d\" data-element_type=\"section\" data-settings=\"{&quot;jet_parallax_layout_list&quot;:[],&quot;background_background&quot;:&quot;classic&quot;}\">\n\t\t\t\t\t\t\t<div class=\"elementor-background-overlay\"><\/div>\n\t\t\t\t\t\t\t<div class=\"elementor-container elementor-column-gap-default\">\n\t\t\t\t\t<div class=\"elementor-column elementor-col-100 elementor-top-column elementor-element elementor-element-4636666\" data-id=\"4636666\" data-element_type=\"column\" data-settings=\"{&quot;background_background&quot;:&quot;classic&quot;}\">\n\t\t\t<div class=\"elementor-widget-wrap elementor-element-populated\">\n\t\t\t\t\t<div class=\"elementor-background-overlay\"><\/div>\n\t\t\t\t\t\t<section class=\"elementor-section elementor-inner-section elementor-element elementor-element-a86621d elementor-section-full_width elementor-section-height-default elementor-section-height-default elementor-invisible\" data-id=\"a86621d\" data-element_type=\"section\" data-settings=\"{&quot;jet_parallax_layout_list&quot;:[],&quot;animation&quot;:&quot;fadeIn&quot;}\">\n\t\t\t\t\t\t<div class=\"elementor-container elementor-column-gap-default\">\n\t\t\t\t\t<div class=\"elementor-column elementor-col-100 elementor-inner-column elementor-element elementor-element-d0f91c7\" data-id=\"d0f91c7\" data-element_type=\"column\">\n\t\t\t<div class=\"elementor-widget-wrap elementor-element-populated\">\n\t\t\t\t\t\t<div class=\"elementor-element elementor-element-cacc496 elementor-widget elementor-widget-heading\" data-id=\"cacc496\" data-element_type=\"widget\" data-widget_type=\"heading.default\">\n\t\t\t\t<div class=\"elementor-widget-container\">\n\t\t\t<h3 class=\"elementor-heading-title elementor-size-default\">Preventing adverse reactions<\/h3>\t\t<\/div>\n\t\t\t\t<\/div>\n\t\t\t\t<div class=\"elementor-element elementor-element-968a391 elementor-widget elementor-widget-heading\" data-id=\"968a391\" data-element_type=\"widget\" data-widget_type=\"heading.default\">\n\t\t\t\t<div class=\"elementor-widget-container\">\n\t\t\t<h1 class=\"elementor-heading-title elementor-size-default\">Pharmacogenetic Testing Supports Clinical Medication Decision-Making and Prevents ADRs<\/h1>\t\t<\/div>\n\t\t\t\t<\/div>\n\t\t\t\t<div class=\"elementor-element elementor-element-536aee1 elementor-hidden-desktop elementor-hidden-tablet elementor-hidden-mobile elementor-widget elementor-widget-heading\" data-id=\"536aee1\" data-element_type=\"widget\" data-widget_type=\"heading.default\">\n\t\t\t\t<div class=\"elementor-widget-container\">\n\t\t\t<h4 class=\"elementor-heading-title elementor-size-default\">Pharmacogenetic testing reduced ADRs by 30%.<\/h4>\t\t<\/div>\n\t\t\t\t<\/div>\n\t\t\t\t\t<\/div>\n\t\t<\/div>\n\t\t\t\t\t<\/div>\n\t\t<\/section>\n\t\t\t\t\t<\/div>\n\t\t<\/div>\n\t\t\t\t\t<\/div>\n\t\t<\/section>\n\t\t\t\t<section class=\"elementor-section elementor-top-section elementor-element elementor-element-0a9d56b elementor-section-height-min-height elementor-section-full_width elementor-section-items-stretch elementor-section-height-default\" data-id=\"0a9d56b\" data-element_type=\"section\" data-settings=\"{&quot;jet_parallax_layout_list&quot;:[],&quot;background_background&quot;:&quot;classic&quot;}\">\n\t\t\t\t\t\t<div class=\"elementor-container elementor-column-gap-default\">\n\t\t\t\t\t<div class=\"elementor-column elementor-col-50 elementor-top-column elementor-element elementor-element-d231fdb\" data-id=\"d231fdb\" data-element_type=\"column\" data-settings=\"{&quot;background_background&quot;:&quot;classic&quot;}\">\n\t\t\t<div class=\"elementor-widget-wrap elementor-element-populated\">\n\t\t\t\t\t\t<section class=\"elementor-section elementor-inner-section elementor-element elementor-element-14721f9 elementor-section-boxed elementor-section-height-default elementor-section-height-default\" data-id=\"14721f9\" data-element_type=\"section\" data-settings=\"{&quot;jet_parallax_layout_list&quot;:[]}\">\n\t\t\t\t\t\t<div class=\"elementor-container elementor-column-gap-default\">\n\t\t\t\t\t<div class=\"elementor-column elementor-col-100 elementor-inner-column elementor-element elementor-element-a097b6c\" data-id=\"a097b6c\" data-element_type=\"column\">\n\t\t\t<div class=\"elementor-widget-wrap elementor-element-populated\">\n\t\t\t\t\t\t<div class=\"elementor-element elementor-element-1db0695 elementor-invisible elementor-widget elementor-widget-text-editor\" data-id=\"1db0695\" data-element_type=\"widget\" data-settings=\"{&quot;_animation&quot;:&quot;fadeIn&quot;}\" data-widget_type=\"text-editor.default\">\n\t\t\t\t<div class=\"elementor-widget-container\">\n\t\t\t\t\t\t\t<h2>The use of pharmacogenetic testing reduced adverse effects by 30%<\/h2>\n\t\t\t\t\t\t<\/div>\n\t\t\t\t<\/div>\n\t\t\t\t\t<\/div>\n\t\t<\/div>\n\t\t\t\t\t<\/div>\n\t\t<\/section>\n\t\t\t\t\t<\/div>\n\t\t<\/div>\n\t\t\t\t<div class=\"elementor-column elementor-col-50 elementor-top-column elementor-element elementor-element-00216a1\" data-id=\"00216a1\" data-element_type=\"column\" data-settings=\"{&quot;background_background&quot;:&quot;classic&quot;}\">\n\t\t\t<div class=\"elementor-widget-wrap elementor-element-populated\">\n\t\t\t\t\t\t<section class=\"elementor-section elementor-inner-section elementor-element elementor-element-aac75b7 elementor-section-boxed elementor-section-height-default elementor-section-height-default\" data-id=\"aac75b7\" data-element_type=\"section\" data-settings=\"{&quot;jet_parallax_layout_list&quot;:[]}\">\n\t\t\t\t\t\t<div class=\"elementor-container elementor-column-gap-default\">\n\t\t\t\t\t<div class=\"elementor-column elementor-col-100 elementor-inner-column elementor-element elementor-element-9f727e6\" data-id=\"9f727e6\" data-element_type=\"column\">\n\t\t\t<div class=\"elementor-widget-wrap elementor-element-populated\">\n\t\t\t\t\t\t<div class=\"elementor-element elementor-element-113c635 elementor-invisible elementor-widget elementor-widget-text-editor\" data-id=\"113c635\" data-element_type=\"widget\" data-settings=\"{&quot;_animation&quot;:&quot;fadeIn&quot;}\" data-widget_type=\"text-editor.default\">\n\t\t\t\t<div class=\"elementor-widget-container\">\n\t\t\t\t\t\t\t<p>Adverse drug reactions (ADR) consume healthcare resources, incur costs and harm patients. The prevalence rate of ADR-related admissions to EDs or inpatient wards is approx. 8%. Emergency departments may treat more patients with life-threatening ADRs than patients seriously injured in traffic accidents.<a href=\"#referenssit\"><sup>1, <\/sup> <sup>2, 5<\/sup><\/a><\/p>\n<p>According to a large European study, pharmacogenetic testing reduces the number of clinically significant ADRs by 30%.<a href=\"#referenssit\"><sup>3<\/sup><\/a> The study included approximately 7,000 patients treated in hospitals or health centers across seven European countries. The study demonstrates that pharmacogenetic testing is feasible in various European healthcare systems and provides strong evidence of the benefits of pharmacogenetic testing in preventing medication side effects. Pharmacogenetics not only affects the risk of ADRs but also influences treatment efficacy, which was not examined in this study, so the overall benefit of testing may be even greater than indicated by the research.<a href=\"#referenssit\"><sup>4<\/sup><\/a><a href=\"#referenssit\"><sup>,<\/sup><\/a><\/p>\n\t\t\t\t\t\t<\/div>\n\t\t\t\t<\/div>\n\t\t\t\t\t<\/div>\n\t\t<\/div>\n\t\t\t\t\t<\/div>\n\t\t<\/section>\n\t\t\t\t\t<\/div>\n\t\t<\/div>\n\t\t\t\t\t<\/div>\n\t\t<\/section>\n\t\t\t\t<section class=\"elementor-section elementor-top-section elementor-element elementor-element-1fa4dfc elementor-section-height-min-height elementor-section-full_width elementor-section-items-stretch elementor-reverse-tablet elementor-section-height-default\" data-id=\"1fa4dfc\" data-element_type=\"section\" data-settings=\"{&quot;jet_parallax_layout_list&quot;:[],&quot;background_background&quot;:&quot;classic&quot;}\">\n\t\t\t\t\t\t<div class=\"elementor-container elementor-column-gap-default\">\n\t\t\t\t\t<div class=\"elementor-column elementor-col-100 elementor-top-column elementor-element elementor-element-ce8f6aa\" data-id=\"ce8f6aa\" data-element_type=\"column\" data-settings=\"{&quot;background_background&quot;:&quot;classic&quot;}\">\n\t\t\t<div class=\"elementor-widget-wrap elementor-element-populated\">\n\t\t\t\t\t\t<div class=\"elementor-element elementor-element-8cfa9eb elementor-invisible elementor-widget elementor-widget-text-editor\" data-id=\"8cfa9eb\" data-element_type=\"widget\" data-settings=\"{&quot;_animation&quot;:&quot;fadeIn&quot;}\" data-widget_type=\"text-editor.default\">\n\t\t\t\t<div class=\"elementor-widget-container\">\n\t\t\t\t\t\t\t<p>[1] Kauppila, M. et al (2021) Incidence, preventability, and causality of adverse drug reactions at a university hospital emergency department. European Journal of Clinical Pharmacology. 77, 643-650.  <a href=\"https:\/\/doi.org\/10.1007\/s00228-020-03043-3\">https:\/\/doi.org\/10.1007\/s00228-020-03043-3<\/a> <\/p>\n<p>[2] Suomen virallinen tilasto (SVT): Tieliikenneonnettomuustilasto [verkkojulkaisu]. ISSN=1798-758X. Helsinki: Tilastokeskus [Viitattu: 26.4.2023]. Saantitapa: <a href=\"https:\/\/stat.fi\/tilasto\/ton\">https:\/\/stat.fi\/tilasto\/ton<\/a> \/ <\/p>\n<p>[3] Swen, J. (2023) A 12-gene pharmacogenetic panel to prevent adverse drug reactions: an open-label, multicentre, controlled, cluster-randomised crossover implementation study. The Lancet. 401(10374), 347-356.  <a href=\"https:\/\/doi.org\/10.1016\/S0140-6736(22)01841-4\">https:\/\/doi.org\/10.1016\/S0140-6736(22)01841-4<\/a> <\/p>\n<p>[4] Tornio, A. (2023) ERIKOISL\u00c4\u00c4K\u00c4RIN UUTISET Kliininen farmakologia ja l\u00e4\u00e4kehoito. L\u00e4\u00e4ketieteellinen Aikakauskirja Duodecim 139(6):427 <a href=\"https:\/\/www.duodecimlehti.fi\/duo17595\">https:\/\/www.duodecimlehti.fi\/duo17595<\/a> <\/p>\n\t\t\t\t\t\t<\/div>\n\t\t\t\t<\/div>\n\t\t\t\t<div class=\"elementor-element elementor-element-87f216f jedv-enabled--yes elementor-invisible elementor-widget elementor-widget-text-editor\" data-id=\"87f216f\" data-element_type=\"widget\" data-settings=\"{&quot;_animation&quot;:&quot;fadeIn&quot;}\" data-widget_type=\"text-editor.default\">\n\t\t\t\t<div class=\"elementor-widget-container\">\n\t\t\t\t\t\t\t<p>[5] Haerdtlein, A., Debold, E., Rottenkolber, M., Boehmer, A. M., Pudritz, Y. M., Shahid, F., &#8230; &amp; Dreischulte, T. (2023). Which adverse events and which drugs are implicated in drug-related hospital admissions? A systematic review and meta-analysis. Journal of Clinical Medicine, 12(4), 1320. <a href=\"https:\/\/doi.org\/10.3390\/jcm12041320\" target=\"_blank\" rel=\"noopener\">https:\/\/doi.org\/10.3390\/jcm12041320<\/a><\/p>\n\t\t\t\t\t\t<\/div>\n\t\t\t\t<\/div>\n\t\t\t\t\t<\/div>\n\t\t<\/div>\n\t\t\t\t\t<\/div>\n\t\t<\/section>\n\t\t\t\t<\/div>\n\t\t","protected":false},"excerpt":{"rendered":"<p>Preventing adverse reactions Pharmacogenetic Testing Supports Clinical Medication Decision-Making and Prevents ADRs Pharmacogenetic testing reduced ADRs by 30%. The use of pharmacogenetic testing reduced adverse effects by 30% Adverse drug reactions (ADR) consume healthcare resources, incur costs and harm patients. The prevalence rate of ADR-related admissions to EDs or inpatient wards is approx. 8%. Emergency [&hellip;]<\/p>\n","protected":false},"author":1,"featured_media":0,"parent":5837,"menu_order":0,"comment_status":"closed","ping_status":"closed","template":"elementor_header_footer","meta":{"content-type":"","_uf_show_specific_survey":0,"_uf_disable_surveys":false,"footnotes":""},"class_list":["post-6663","page","type-page","status-publish","hentry"],"aioseo_notices":[],"_links":{"self":[{"href":"https:\/\/abomicspgx.com\/en-gb\/wp-json\/wp\/v2\/pages\/6663","targetHints":{"allow":["GET"]}}],"collection":[{"href":"https:\/\/abomicspgx.com\/en-gb\/wp-json\/wp\/v2\/pages"}],"about":[{"href":"https:\/\/abomicspgx.com\/en-gb\/wp-json\/wp\/v2\/types\/page"}],"author":[{"embeddable":true,"href":"https:\/\/abomicspgx.com\/en-gb\/wp-json\/wp\/v2\/users\/1"}],"replies":[{"embeddable":true,"href":"https:\/\/abomicspgx.com\/en-gb\/wp-json\/wp\/v2\/comments?post=6663"}],"version-history":[{"count":3,"href":"https:\/\/abomicspgx.com\/en-gb\/wp-json\/wp\/v2\/pages\/6663\/revisions"}],"predecessor-version":[{"id":6675,"href":"https:\/\/abomicspgx.com\/en-gb\/wp-json\/wp\/v2\/pages\/6663\/revisions\/6675"}],"up":[{"embeddable":true,"href":"https:\/\/abomicspgx.com\/en-gb\/wp-json\/wp\/v2\/pages\/5837"}],"wp:attachment":[{"href":"https:\/\/abomicspgx.com\/en-gb\/wp-json\/wp\/v2\/media?parent=6663"}],"curies":[{"name":"wp","href":"https:\/\/api.w.org\/{rel}","templated":true}]}}