{"id":5978,"date":"2023-01-31T21:05:13","date_gmt":"2023-01-31T19:05:13","guid":{"rendered":"https:\/\/abomicspgx.com\/log-in\/"},"modified":"2025-08-06T19:08:46","modified_gmt":"2025-08-06T16:08:46","slug":"log-in","status":"publish","type":"page","link":"https:\/\/abomicspgx.com\/en-gb\/log-in\/","title":{"rendered":"Log in"},"content":{"rendered":"\t\t<div data-elementor-type=\"wp-page\" data-elementor-id=\"5978\" class=\"elementor elementor-5978 elementor-3550\" data-elementor-post-type=\"page\">\n\t\t\t\t\t\t<section class=\"elementor-section elementor-top-section elementor-element elementor-element-1952b32 elementor-section-boxed elementor-section-height-default elementor-section-height-default\" data-id=\"1952b32\" data-element_type=\"section\" data-settings=\"{&quot;jet_parallax_layout_list&quot;:[],&quot;background_background&quot;:&quot;classic&quot;}\">\n\t\t\t\t\t\t<div class=\"elementor-container elementor-column-gap-default\">\n\t\t\t\t\t<div class=\"elementor-column elementor-col-100 elementor-top-column elementor-element elementor-element-165ab0c\" data-id=\"165ab0c\" data-element_type=\"column\">\n\t\t\t<div class=\"elementor-widget-wrap elementor-element-populated\">\n\t\t\t\t\t\t<div class=\"elementor-element elementor-element-68033b2 elementor-widget elementor-widget-heading\" data-id=\"68033b2\" data-element_type=\"widget\" data-widget_type=\"heading.default\">\n\t\t\t\t<div class=\"elementor-widget-container\">\n\t\t\t<h1 class=\"elementor-heading-title elementor-size-default\">Log in<\/h1>\t\t<\/div>\n\t\t\t\t<\/div>\n\t\t\t\t\t<\/div>\n\t\t<\/div>\n\t\t\t\t\t<\/div>\n\t\t<\/section>\n\t\t\t\t<section class=\"elementor-section elementor-top-section elementor-element elementor-element-eebabeb elementor-section-height-min-height elementor-section-full_width elementor-section-items-stretch jedv-enabled--yes elementor-section-height-default\" data-id=\"eebabeb\" data-element_type=\"section\" data-settings=\"{&quot;jet_parallax_layout_list&quot;:[],&quot;background_background&quot;:&quot;classic&quot;}\">\n\t\t\t\t\t\t<div class=\"elementor-container elementor-column-gap-default\">\n\t\t\t\t\t<div class=\"elementor-column elementor-col-100 elementor-top-column elementor-element elementor-element-9b93425\" data-id=\"9b93425\" data-element_type=\"column\" data-settings=\"{&quot;background_background&quot;:&quot;classic&quot;}\">\n\t\t\t<div class=\"elementor-widget-wrap elementor-element-populated\">\n\t\t\t\t\t\t<section class=\"elementor-section elementor-inner-section elementor-element elementor-element-d0aab74 elementor-section-full_width elementor-section-height-default elementor-section-height-default elementor-invisible\" data-id=\"d0aab74\" data-element_type=\"section\" data-settings=\"{&quot;jet_parallax_layout_list&quot;:[],&quot;animation&quot;:&quot;fadeIn&quot;}\">\n\t\t\t\t\t\t<div class=\"elementor-container elementor-column-gap-default\">\n\t\t\t\t\t<div class=\"elementor-column elementor-col-100 elementor-inner-column elementor-element elementor-element-f3a42f7\" data-id=\"f3a42f7\" data-element_type=\"column\">\n\t\t\t<div class=\"elementor-widget-wrap elementor-element-populated\">\n\t\t\t\t\t\t<div class=\"elementor-element elementor-element-4c4be2d elementor-widget elementor-widget-heading\" data-id=\"4c4be2d\" data-element_type=\"widget\" data-widget_type=\"heading.default\">\n\t\t\t\t<div class=\"elementor-widget-container\">\n\t\t\t<h2 class=\"elementor-heading-title elementor-size-default\">Log in to GeneAccount<\/h2>\t\t<\/div>\n\t\t\t\t<\/div>\n\t\t\t\t\t<\/div>\n\t\t<\/div>\n\t\t\t\t\t<\/div>\n\t\t<\/section>\n\t\t\t\t<div class=\"elementor-element elementor-element-9104685 elementor-widget elementor-widget-button\" data-id=\"9104685\" data-element_type=\"widget\" data-widget_type=\"button.default\">\n\t\t\t\t<div class=\"elementor-widget-container\">\n\t\t\t\t\t\t\t<div class=\"elementor-button-wrapper\">\n\t\t\t\t\t<a class=\"elementor-button elementor-button-link elementor-size-sm\" href=\"https:\/\/my.geneaccount.com\/\" target=\"_blank\">\n\t\t\t\t\t\t<span class=\"elementor-button-content-wrapper\">\n\t\t\t\t\t\t\t\t\t<span class=\"elementor-button-text\">Log In<\/span>\n\t\t\t\t\t<\/span>\n\t\t\t\t\t<\/a>\n\t\t\t\t<\/div>\n\t\t\t\t\t\t<\/div>\n\t\t\t\t<\/div>\n\t\t\t\t\t<\/div>\n\t\t<\/div>\n\t\t\t\t\t<\/div>\n\t\t<\/section>\n\t\t\t\t<\/div>\n\t\t","protected":false},"excerpt":{"rendered":"<p>Log in L\u00e4\u00e4k\u00e4risi n\u00e4kee terveydenhuollossa tehdyn testin tulokset potilastietoj\u00e4rjestelm\u00e4ss\u00e4 Hoitava l\u00e4\u00e4k\u00e4risi n\u00e4kee julkisessa tai yksityisess\u00e4 terveydenhuollossa tehdyn farmakogeneettisen testin tulokset potilastietoj\u00e4rjestelm\u00e4ss\u00e4 vastaavalla tavalla kuin muidenkin laboratoriotestien tulokset. Laboratoriotulokset voivat n\u00e4ky\u00e4 hoitaville l\u00e4\u00e4k\u00e4reillesi my\u00f6s muissa organisaatioissa, jos olet sallinut tietojen luovuttamisen Kanta-palveluiden v\u00e4lityksell\u00e4. Voi my\u00f6s itse katsoa laboratoriotuloksiasi Omakannan kautta, mik\u00e4li verin\u00e4ytteen teett\u00e4nyt organisaatio on liittynyt [&hellip;]<\/p>\n","protected":false},"author":1,"featured_media":0,"parent":0,"menu_order":5,"comment_status":"closed","ping_status":"closed","template":"","meta":{"content-type":"","_uf_show_specific_survey":0,"_uf_disable_surveys":false,"footnotes":""},"class_list":["post-5978","page","type-page","status-publish","hentry"],"aioseo_notices":[],"_links":{"self":[{"href":"https:\/\/abomicspgx.com\/en-gb\/wp-json\/wp\/v2\/pages\/5978","targetHints":{"allow":["GET"]}}],"collection":[{"href":"https:\/\/abomicspgx.com\/en-gb\/wp-json\/wp\/v2\/pages"}],"about":[{"href":"https:\/\/abomicspgx.com\/en-gb\/wp-json\/wp\/v2\/types\/page"}],"author":[{"embeddable":true,"href":"https:\/\/abomicspgx.com\/en-gb\/wp-json\/wp\/v2\/users\/1"}],"replies":[{"embeddable":true,"href":"https:\/\/abomicspgx.com\/en-gb\/wp-json\/wp\/v2\/comments?post=5978"}],"version-history":[{"count":14,"href":"https:\/\/abomicspgx.com\/en-gb\/wp-json\/wp\/v2\/pages\/5978\/revisions"}],"predecessor-version":[{"id":7456,"href":"https:\/\/abomicspgx.com\/en-gb\/wp-json\/wp\/v2\/pages\/5978\/revisions\/7456"}],"wp:attachment":[{"href":"https:\/\/abomicspgx.com\/en-gb\/wp-json\/wp\/v2\/media?parent=5978"}],"curies":[{"name":"wp","href":"https:\/\/api.w.org\/{rel}","templated":true}]}}