{"id":5851,"date":"2022-11-16T09:12:43","date_gmt":"2022-11-16T07:12:43","guid":{"rendered":"https:\/\/abomicspgx.com\/contact-details\/"},"modified":"2025-12-22T15:28:05","modified_gmt":"2025-12-22T13:28:05","slug":"contact-us","status":"publish","type":"page","link":"https:\/\/abomicspgx.com\/en-gb\/contact-us\/","title":{"rendered":"Contact details"},"content":{"rendered":"\t\t<div data-elementor-type=\"wp-page\" data-elementor-id=\"5851\" class=\"elementor elementor-5851 elementor-35\" data-elementor-post-type=\"page\">\n\t\t\t\t\t\t<section class=\"elementor-section elementor-top-section elementor-element elementor-element-52ef199 elementor-section-boxed elementor-section-height-default elementor-section-height-default\" data-id=\"52ef199\" data-element_type=\"section\" data-settings=\"{&quot;jet_parallax_layout_list&quot;:[]}\">\n\t\t\t\t\t\t<div class=\"elementor-container elementor-column-gap-default\">\n\t\t\t\t\t<div class=\"elementor-column elementor-col-100 elementor-top-column elementor-element elementor-element-934a47d\" data-id=\"934a47d\" data-element_type=\"column\">\n\t\t\t<div class=\"elementor-widget-wrap elementor-element-populated\">\n\t\t\t\t\t\t<div class=\"elementor-element elementor-element-fbe999f elementor-widget elementor-widget-heading\" data-id=\"fbe999f\" data-element_type=\"widget\" data-widget_type=\"heading.default\">\n\t\t\t\t<div class=\"elementor-widget-container\">\n\t\t\t<h1 class=\"elementor-heading-title elementor-size-default\"><b>Contact us<\/b><\/h1>\t\t<\/div>\n\t\t\t\t<\/div>\n\t\t\t\t\t<\/div>\n\t\t<\/div>\n\t\t\t\t\t<\/div>\n\t\t<\/section>\n\t\t\t\t<section class=\"elementor-section elementor-top-section elementor-element elementor-element-4d703b8 elementor-section-boxed elementor-section-height-default elementor-section-height-default\" data-id=\"4d703b8\" data-element_type=\"section\" data-settings=\"{&quot;jet_parallax_layout_list&quot;:[]}\">\n\t\t\t\t\t\t<div class=\"elementor-container elementor-column-gap-default\">\n\t\t\t\t\t<div class=\"elementor-column elementor-col-100 elementor-top-column elementor-element elementor-element-8950b57\" data-id=\"8950b57\" data-element_type=\"column\">\n\t\t\t<div class=\"elementor-widget-wrap elementor-element-populated\">\n\t\t\t\t\t\t<div class=\"elementor-element elementor-element-8ad5633 elementor-widget elementor-widget-html\" data-id=\"8ad5633\" data-element_type=\"widget\" data-widget_type=\"html.default\">\n\t\t\t\t<div class=\"elementor-widget-container\">\n\t\t\t<script charset=\"utf-8\" type=\"text\/javascript\" src=\"\/\/js.hsforms.net\/forms\/embed\/v2.js\"><\/script>\r\n<script>\r\n  hbspt.forms.create({\r\n    region: \"na1\",\r\n    portalId: \"4397866\",\r\n    formId: \"53165c8e-3571-4884-9463-55f8cd6fc860\"\r\n  });\r\n<\/script>\t\t<\/div>\n\t\t\t\t<\/div>\n\t\t\t\t\t<\/div>\n\t\t<\/div>\n\t\t\t\t\t<\/div>\n\t\t<\/section>\n\t\t\t\t<section class=\"elementor-section elementor-top-section elementor-element elementor-element-a8eb950 elementor-section-boxed elementor-section-height-default elementor-section-height-default\" data-id=\"a8eb950\" data-element_type=\"section\" data-settings=\"{&quot;jet_parallax_layout_list&quot;:[]}\">\n\t\t\t\t\t\t<div class=\"elementor-container elementor-column-gap-default\">\n\t\t\t\t\t<div class=\"elementor-column elementor-col-100 elementor-top-column elementor-element elementor-element-4008763\" data-id=\"4008763\" data-element_type=\"column\" data-settings=\"{&quot;background_background&quot;:&quot;classic&quot;}\">\n\t\t\t<div class=\"elementor-widget-wrap\">\n\t\t\t\t\t\t\t<\/div>\n\t\t<\/div>\n\t\t\t\t\t<\/div>\n\t\t<\/section>\n\t\t\t\t<section class=\"elementor-section elementor-top-section elementor-element elementor-element-205c0eb elementor-section-height-min-height elementor-section-full_width elementor-section-items-stretch elementor-section-height-default\" data-id=\"205c0eb\" data-element_type=\"section\" data-settings=\"{&quot;jet_parallax_layout_list&quot;:[]}\">\n\t\t\t\t\t\t<div class=\"elementor-container elementor-column-gap-default\">\n\t\t\t\t\t<div class=\"elementor-column elementor-col-33 elementor-top-column elementor-element elementor-element-7036139\" data-id=\"7036139\" data-element_type=\"column\" data-settings=\"{&quot;background_background&quot;:&quot;classic&quot;}\">\n\t\t\t<div class=\"elementor-widget-wrap elementor-element-populated\">\n\t\t\t\t\t<div class=\"elementor-background-overlay\"><\/div>\n\t\t\t\t\t\t<section class=\"elementor-section elementor-inner-section elementor-element elementor-element-1ea5589 elementor-section-full_width elementor-section-height-default elementor-section-height-default elementor-invisible\" data-id=\"1ea5589\" data-element_type=\"section\" data-settings=\"{&quot;jet_parallax_layout_list&quot;:[],&quot;animation&quot;:&quot;fadeIn&quot;}\">\n\t\t\t\t\t\t<div class=\"elementor-container elementor-column-gap-default\">\n\t\t\t\t\t<div class=\"elementor-column elementor-col-100 elementor-inner-column elementor-element elementor-element-55ac6a7\" data-id=\"55ac6a7\" data-element_type=\"column\" data-settings=\"{&quot;background_background&quot;:&quot;classic&quot;}\">\n\t\t\t<div class=\"elementor-widget-wrap elementor-element-populated\">\n\t\t\t\t\t\t<div class=\"elementor-element elementor-element-c6f7bf1 elementor-widget elementor-widget-heading\" data-id=\"c6f7bf1\" data-element_type=\"widget\" data-widget_type=\"heading.default\">\n\t\t\t\t<div class=\"elementor-widget-container\">\n\t\t\t<h2 class=\"elementor-heading-title elementor-size-default\">Contact details<\/h2>\t\t<\/div>\n\t\t\t\t<\/div>\n\t\t\t\t<div class=\"elementor-element elementor-element-db69873 elementor-widget elementor-widget-text-editor\" data-id=\"db69873\" data-element_type=\"widget\" data-widget_type=\"text-editor.default\">\n\t\t\t\t<div class=\"elementor-widget-container\">\n\t\t\t\t\t\t\t<h5><a href=\"mailto:info@abomics.fi\">info(at)abomics.fi<\/a><\/h5><h5><a href=\"tel:+35824542500\">+358 2 454 2500<\/a><\/h5><h5>Yliopistonkatu 31<br \/>20100 Turku, FINLAND<\/h5>\t\t\t\t\t\t<\/div>\n\t\t\t\t<\/div>\n\t\t\t\t\t<\/div>\n\t\t<\/div>\n\t\t\t\t\t<\/div>\n\t\t<\/section>\n\t\t\t\t\t<\/div>\n\t\t<\/div>\n\t\t\t\t<div class=\"elementor-column elementor-col-66 elementor-top-column elementor-element elementor-element-b152800 elementor-invisible\" data-id=\"b152800\" data-element_type=\"column\" data-settings=\"{&quot;animation&quot;:&quot;fadeIn&quot;,&quot;background_background&quot;:&quot;classic&quot;}\">\n\t\t\t<div class=\"elementor-widget-wrap elementor-element-populated\">\n\t\t\t\t\t\t<div class=\"elementor-element elementor-element-a8317a8 elementor-widget__width-initial jedv-enabled--yes elementor-widget elementor-widget-jet-team-member\" data-id=\"a8317a8\" data-element_type=\"widget\" data-widget_type=\"jet-team-member.default\">\n\t\t\t\t<div class=\"elementor-widget-container\">\n\t\t\t<div class=\"elementor-jet-team-member jet-elements\"><div class=\"jet-team-member\">\n\t<div class=\"jet-team-member__inner\">\n\t\t<div class=\"jet-team-member__image\">\n\t\t\t<div class=\"jet-team-member__cover\"><\/div>\n\t\t\t<figure class=\"jet-team-member__figure\"><img fetchpriority=\"high\" decoding=\"async\" width=\"500\" height=\"625\" src=\"https:\/\/abomicspgx.com\/wp-content\/uploads\/2025\/05\/Justyna-Ulanska-Puotanen.jpg\" class=\"jet-team-member__img-tag\" alt=\"Justyna Ulanska-Poutanen, Business Development Manager\" srcset=\"https:\/\/abomicspgx.com\/wp-content\/uploads\/2025\/05\/Justyna-Ulanska-Puotanen.jpg 500w, https:\/\/abomicspgx.com\/wp-content\/uploads\/2025\/05\/Justyna-Ulanska-Puotanen-240x300.jpg 240w\" sizes=\"(max-width: 500px) 100vw, 500px\" \/><\/figure>\t\t<\/div>\n\t\t<div class=\"jet-team-member__content\"><h3 class=\"jet-team-member__name\"><span class=\"jet-team-member__name-first\">Justyna Ulanska-Poutanen<\/span><\/h3><div class=\"jet-team-member__position\"><span>Business Development Manager<\/span><\/div><div class=\"jet-team-member__socials\"><div class=\"jet-team-member__socials-item\"><a href=\"mailto:saara.larmala@abomics.fi\" aria-label=\"justyna.up@abomics.fi\"><span class=\"jet-team-member__socials-label\">justyna.up@abomics.fi<\/span><\/a><\/div><\/div><\/div>\n\t<\/div>\n<\/div>\n<\/div>\t\t<\/div>\n\t\t\t\t<\/div>\n\t\t\t\t<div class=\"elementor-element elementor-element-f18409c elementor-widget__width-initial elementor-widget elementor-widget-jet-team-member\" data-id=\"f18409c\" data-element_type=\"widget\" data-widget_type=\"jet-team-member.default\">\n\t\t\t\t<div class=\"elementor-widget-container\">\n\t\t\t<div class=\"elementor-jet-team-member jet-elements\"><div class=\"jet-team-member\">\n\t<div class=\"jet-team-member__inner\">\n\t\t<div class=\"jet-team-member__image\">\n\t\t\t<div class=\"jet-team-member__cover\"><\/div>\n\t\t\t<figure class=\"jet-team-member__figure\"><img decoding=\"async\" width=\"500\" height=\"625\" src=\"https:\/\/abomicspgx.com\/wp-content\/uploads\/2025\/05\/Henriikka-Halinen.jpg\" class=\"jet-team-member__img-tag\" alt=\"Henriikka Halinen, Chief Commercial Officer\" srcset=\"https:\/\/abomicspgx.com\/wp-content\/uploads\/2025\/05\/Henriikka-Halinen.jpg 500w, https:\/\/abomicspgx.com\/wp-content\/uploads\/2025\/05\/Henriikka-Halinen-240x300.jpg 240w\" sizes=\"(max-width: 500px) 100vw, 500px\" \/><\/figure>\t\t<\/div>\n\t\t<div class=\"jet-team-member__content\"><h3 class=\"jet-team-member__name\"><span class=\"jet-team-member__name-first\">Henriikka Halinen<\/span><\/h3><div class=\"jet-team-member__position\"><span>Chief Commercial Officer<\/span><\/div><div class=\"jet-team-member__socials\"><div class=\"jet-team-member__socials-item\"><a href=\"mailto:saara.larmala@abomics.fi\" aria-label=\"henriikka.halinen@abomics.fi\"><span class=\"jet-team-member__socials-label\">henriikka.halinen@abomics.fi<\/span><\/a><\/div><\/div><\/div>\n\t<\/div>\n<\/div>\n<\/div>\t\t<\/div>\n\t\t\t\t<\/div>\n\t\t\t\t<div class=\"elementor-element elementor-element-0afbbdf elementor-widget__width-initial elementor-widget elementor-widget-jet-team-member\" data-id=\"0afbbdf\" data-element_type=\"widget\" data-widget_type=\"jet-team-member.default\">\n\t\t\t\t<div class=\"elementor-widget-container\">\n\t\t\t<div class=\"elementor-jet-team-member jet-elements\"><div class=\"jet-team-member\">\n\t<div class=\"jet-team-member__inner\">\n\t\t<div class=\"jet-team-member__image\">\n\t\t\t<div class=\"jet-team-member__cover\"><\/div>\n\t\t\t<figure class=\"jet-team-member__figure\"><img decoding=\"async\" width=\"500\" height=\"625\" src=\"https:\/\/abomicspgx.com\/wp-content\/uploads\/2025\/05\/Sami-Miettinen.jpg\" class=\"jet-team-member__img-tag\" alt=\"Sami Miettinen, CEO\" srcset=\"https:\/\/abomicspgx.com\/wp-content\/uploads\/2025\/05\/Sami-Miettinen.jpg 500w, https:\/\/abomicspgx.com\/wp-content\/uploads\/2025\/05\/Sami-Miettinen-240x300.jpg 240w\" sizes=\"(max-width: 500px) 100vw, 500px\" \/><\/figure>\t\t<\/div>\n\t\t<div class=\"jet-team-member__content\"><h3 class=\"jet-team-member__name\"><span class=\"jet-team-member__name-first\">Sami Miettinen<\/span><\/h3><div class=\"jet-team-member__position\"><span>CEO<\/span><\/div><div class=\"jet-team-member__socials\"><div class=\"jet-team-member__socials-item\"><a href=\"mailto:sami.miettinen@abomics.fi\" aria-label=\"sami.miettinen@abomics.fi\"><span class=\"jet-team-member__socials-label\">sami.miettinen@abomics.fi<\/span><\/a><\/div><div class=\"jet-team-member__socials-item\"><a href=\"tel:+358%2040%20590%209799\" aria-label=\"+358 40 590 9799\"><span class=\"jet-team-member__socials-label\">+358 40 590 9799<\/span><\/a><\/div><\/div><\/div>\n\t<\/div>\n<\/div>\n<\/div>\t\t<\/div>\n\t\t\t\t<\/div>\n\t\t\t\t\t<\/div>\n\t\t<\/div>\n\t\t\t\t\t<\/div>\n\t\t<\/section>\n\t\t\t\t<section class=\"elementor-section elementor-top-section elementor-element elementor-element-175ad4f elementor-section-height-min-height elementor-section-full_width elementor-section-items-stretch elementor-section-height-default\" data-id=\"175ad4f\" data-element_type=\"section\" data-settings=\"{&quot;jet_parallax_layout_list&quot;:[],&quot;background_background&quot;:&quot;classic&quot;}\">\n\t\t\t\t\t\t<div class=\"elementor-container elementor-column-gap-default\">\n\t\t\t\t\t<div class=\"elementor-column elementor-col-33 elementor-top-column elementor-element elementor-element-2a2977a elementor-invisible\" data-id=\"2a2977a\" data-element_type=\"column\" data-settings=\"{&quot;animation&quot;:&quot;fadeIn&quot;,&quot;background_background&quot;:&quot;classic&quot;}\">\n\t\t\t<div class=\"elementor-widget-wrap elementor-element-populated\">\n\t\t\t\t\t\t<div class=\"elementor-element elementor-element-6603321 elementor-widget elementor-widget-heading\" data-id=\"6603321\" data-element_type=\"widget\" data-widget_type=\"heading.default\">\n\t\t\t\t<div class=\"elementor-widget-container\">\n\t\t\t<h2 class=\"elementor-heading-title elementor-size-default\">Visiting address<\/h2>\t\t<\/div>\n\t\t\t\t<\/div>\n\t\t\t\t<div class=\"elementor-element elementor-element-d2f9a79 elementor-widget elementor-widget-text-editor\" data-id=\"d2f9a79\" data-element_type=\"widget\" data-widget_type=\"text-editor.default\">\n\t\t\t\t<div class=\"elementor-widget-container\">\n\t\t\t\t\t\t\t<p><strong>Abomics Oy <br \/><\/strong><\/p><p>Regus<br \/>Yliopistonkatu 31<br \/>20100 Turku, Finland<\/p>\t\t\t\t\t\t<\/div>\n\t\t\t\t<\/div>\n\t\t\t\t\t<\/div>\n\t\t<\/div>\n\t\t\t\t<div class=\"elementor-column elementor-col-66 elementor-top-column elementor-element elementor-element-5c5e0da\" data-id=\"5c5e0da\" data-element_type=\"column\">\n\t\t\t<div class=\"elementor-widget-wrap elementor-element-populated\">\n\t\t\t\t\t\t<div class=\"elementor-element elementor-element-2097e9a elementor-widget elementor-widget-google_maps\" data-id=\"2097e9a\" data-element_type=\"widget\" data-widget_type=\"google_maps.default\">\n\t\t\t\t<div class=\"elementor-widget-container\">\n\t\t\t\t\t<div class=\"elementor-custom-embed\">\n\t\t\t<iframe loading=\"lazy\"\n\t\t\t\t\tsrc=\"https:\/\/maps.google.com\/maps?q=Abomics%20Oy%2C%20Yliopistonkatu%2031%2C%2020100%20Turku&#038;t=m&#038;z=16&#038;output=embed&#038;iwloc=near\"\n\t\t\t\t\ttitle=\"Abomics Oy, Yliopistonkatu 31, 20100 Turku\"\n\t\t\t\t\taria-label=\"Abomics Oy, Yliopistonkatu 31, 20100 Turku\"\n\t\t\t><\/iframe>\n\t\t<\/div>\n\t\t\t\t<\/div>\n\t\t\t\t<\/div>\n\t\t\t\t\t<\/div>\n\t\t<\/div>\n\t\t\t\t\t<\/div>\n\t\t<\/section>\n\t\t\t\t<section class=\"elementor-section elementor-top-section elementor-element elementor-element-3734999 elementor-section-height-min-height elementor-section-full_width elementor-section-items-stretch elementor-reverse-mobile elementor-section-height-default\" data-id=\"3734999\" data-element_type=\"section\" data-settings=\"{&quot;jet_parallax_layout_list&quot;:[],&quot;background_background&quot;:&quot;classic&quot;}\">\n\t\t\t\t\t\t<div class=\"elementor-container elementor-column-gap-default\">\n\t\t\t\t\t<div class=\"elementor-column elementor-col-66 elementor-top-column elementor-element elementor-element-9ee9627 elementor-invisible\" data-id=\"9ee9627\" data-element_type=\"column\" data-settings=\"{&quot;animation&quot;:&quot;fadeIn&quot;}\">\n\t\t\t<div class=\"elementor-widget-wrap elementor-element-populated\">\n\t\t\t\t\t\t<div class=\"elementor-element elementor-element-538569f elementor-widget elementor-widget-heading\" data-id=\"538569f\" data-element_type=\"widget\" data-widget_type=\"heading.default\">\n\t\t\t\t<div class=\"elementor-widget-container\">\n\t\t\t<h2 class=\"elementor-heading-title elementor-size-default\">Invoicing<\/h2>\t\t<\/div>\n\t\t\t\t<\/div>\n\t\t\t\t<div class=\"elementor-element elementor-element-9d812bb elementor-widget elementor-widget-text-editor\" data-id=\"9d812bb\" data-element_type=\"widget\" data-widget_type=\"text-editor.default\">\n\t\t\t\t<div class=\"elementor-widget-container\">\n\t\t\t\t\t\t\t<h4><strong><span style=\"text-decoration: underline;\">VAT ID:<\/span> FI25446092<\/strong><\/h4>\n\t\t\t\t\t\t<\/div>\n\t\t\t\t<\/div>\n\t\t\t\t<div class=\"elementor-element elementor-element-043e199 elementor-widget elementor-widget-text-editor\" data-id=\"043e199\" data-element_type=\"widget\" data-widget_type=\"text-editor.default\">\n\t\t\t\t<div class=\"elementor-widget-container\">\n\t\t\t\t\t\t\t<h4><span style=\"text-decoration: underline;\"><strong>E-invoices:<\/strong><\/span><\/h4>\n\t\t\t\t\t\t<\/div>\n\t\t\t\t<\/div>\n\t\t\t\t<div class=\"elementor-element elementor-element-72b3044 elementor-widget elementor-widget-text-editor\" data-id=\"72b3044\" data-element_type=\"widget\" data-widget_type=\"text-editor.default\">\n\t\t\t\t<div class=\"elementor-widget-container\">\n\t\t\t\t\t\t\t<p><strong>E-invoicing address \/ EDI ID: <\/strong>003725446092<br \/><strong>Operator:<\/strong> Apix Messaging Oy (003723327487)<\/p>\n<p>Please note, if you use one of the following operators for e-invoice sending: Danske Bank Oyj, Handelsbanken, Paikallisosuuspankki or S\u00e4\u00e4st\u00f6pankki, you should use our following Apix e-invoicing address: <strong>E-invoicing address: <\/strong> 003723327487 and <strong>operator ID:<\/strong> DABAFIHH.<\/p>\n\t\t\t\t\t\t<\/div>\n\t\t\t\t<\/div>\n\t\t\t\t<div class=\"elementor-element elementor-element-5e267db elementor-widget elementor-widget-text-editor\" data-id=\"5e267db\" data-element_type=\"widget\" data-widget_type=\"text-editor.default\">\n\t\t\t\t<div class=\"elementor-widget-container\">\n\t\t\t\t\t\t\t<h4><span style=\"text-decoration: underline;\"><strong>Address for paper invoice scan:<\/strong><\/span><\/h4>\n\t\t\t\t\t\t<\/div>\n\t\t\t\t<\/div>\n\t\t\t\t<div class=\"elementor-element elementor-element-a31f5e8 elementor-widget elementor-widget-text-editor\" data-id=\"a31f5e8\" data-element_type=\"widget\" data-widget_type=\"text-editor.default\">\n\t\t\t\t<div class=\"elementor-widget-container\">\n\t\t\t\t\t\t\t<p>Abomics Oy (Apix Skannauspalvelu)<br \/>PL 21899<br \/>00063 LASKUNET<br \/>Finland<\/p>\n\t\t\t\t\t\t<\/div>\n\t\t\t\t<\/div>\n\t\t\t\t\t<\/div>\n\t\t<\/div>\n\t\t\t\t<div class=\"elementor-column elementor-col-33 elementor-top-column elementor-element elementor-element-118a25a\" data-id=\"118a25a\" data-element_type=\"column\" data-settings=\"{&quot;background_background&quot;:&quot;slideshow&quot;,&quot;background_slideshow_gallery&quot;:[],&quot;background_slideshow_loop&quot;:&quot;yes&quot;,&quot;background_slideshow_slide_duration&quot;:5000,&quot;background_slideshow_slide_transition&quot;:&quot;fade&quot;,&quot;background_slideshow_transition_duration&quot;:500}\">\n\t\t\t<div class=\"elementor-widget-wrap elementor-element-populated\">\n\t\t\t\t\t\t<div class=\"elementor-element elementor-element-208f756 elementor-widget elementor-widget-image\" data-id=\"208f756\" data-element_type=\"widget\" data-widget_type=\"image.default\">\n\t\t\t\t<div class=\"elementor-widget-container\">\n\t\t\t\t\t\t\t\t\t\t\t\t\t<img loading=\"lazy\" decoding=\"async\" width=\"2048\" height=\"1152\" src=\"https:\/\/abomicspgx.com\/wp-content\/uploads\/2024\/05\/pharmacogenetic-testing-2-scaled.jpg\" class=\"attachment-full size-full wp-image-6848\" alt=\"pharmacogenetics\" srcset=\"https:\/\/abomicspgx.com\/wp-content\/uploads\/2024\/05\/pharmacogenetic-testing-2-scaled.jpg 2048w, https:\/\/abomicspgx.com\/wp-content\/uploads\/2024\/05\/pharmacogenetic-testing-2-300x169.jpg 300w, https:\/\/abomicspgx.com\/wp-content\/uploads\/2024\/05\/pharmacogenetic-testing-2-1024x576.jpg 1024w, https:\/\/abomicspgx.com\/wp-content\/uploads\/2024\/05\/pharmacogenetic-testing-2-768x432.jpg 768w, https:\/\/abomicspgx.com\/wp-content\/uploads\/2024\/05\/pharmacogenetic-testing-2-1536x864.jpg 1536w, https:\/\/abomicspgx.com\/wp-content\/uploads\/2024\/05\/pharmacogenetic-testing-2-600x338.jpg 600w\" sizes=\"(max-width: 2048px) 100vw, 2048px\" \/>\t\t\t\t\t\t\t\t\t\t\t\t\t<\/div>\n\t\t\t\t<\/div>\n\t\t\t\t\t<\/div>\n\t\t<\/div>\n\t\t\t\t\t<\/div>\n\t\t<\/section>\n\t\t\t\t<\/div>\n\t\t","protected":false},"excerpt":{"rendered":"<p>Contact us Contact details info(at)abomics.fi +358 2 454 2500 Yliopistonkatu 3120100 Turku, FINLAND Justyna Ulanska-Poutanen Business Development Manager Henriikka Halinen Chief Commercial Officer Joni M\u00e4kel\u00e4 Client Manager Sami Miettinen CEO Visiting address Abomics Oy RegusYliopistonkatu 3120100 Turku, Finland Invoicing VAT ID: FI25446092 E-invoices: E-invoicing address \/ EDI ID: 003725446092Operator: Apix Messaging Oy (003723327487) Please note, [&hellip;]<\/p>\n","protected":false},"author":1,"featured_media":0,"parent":0,"menu_order":6,"comment_status":"closed","ping_status":"closed","template":"","meta":{"content-type":"","_uf_show_specific_survey":0,"_uf_disable_surveys":false,"footnotes":""},"class_list":["post-5851","page","type-page","status-publish","hentry"],"aioseo_notices":[],"_links":{"self":[{"href":"https:\/\/abomicspgx.com\/en-gb\/wp-json\/wp\/v2\/pages\/5851","targetHints":{"allow":["GET"]}}],"collection":[{"href":"https:\/\/abomicspgx.com\/en-gb\/wp-json\/wp\/v2\/pages"}],"about":[{"href":"https:\/\/abomicspgx.com\/en-gb\/wp-json\/wp\/v2\/types\/page"}],"author":[{"embeddable":true,"href":"https:\/\/abomicspgx.com\/en-gb\/wp-json\/wp\/v2\/users\/1"}],"replies":[{"embeddable":true,"href":"https:\/\/abomicspgx.com\/en-gb\/wp-json\/wp\/v2\/comments?post=5851"}],"version-history":[{"count":20,"href":"https:\/\/abomicspgx.com\/en-gb\/wp-json\/wp\/v2\/pages\/5851\/revisions"}],"predecessor-version":[{"id":7497,"href":"https:\/\/abomicspgx.com\/en-gb\/wp-json\/wp\/v2\/pages\/5851\/revisions\/7497"}],"wp:attachment":[{"href":"https:\/\/abomicspgx.com\/en-gb\/wp-json\/wp\/v2\/media?parent=5851"}],"curies":[{"name":"wp","href":"https:\/\/api.w.org\/{rel}","templated":true}]}}