{"id":5835,"date":"2022-11-16T09:40:03","date_gmt":"2022-11-16T07:40:03","guid":{"rendered":"https:\/\/abomicspgx.com\/for-doctors\/"},"modified":"2025-07-07T13:21:10","modified_gmt":"2025-07-07T10:21:10","slug":"for-doctors","status":"publish","type":"page","link":"https:\/\/abomicspgx.com\/en-gb\/for-doctors\/","title":{"rendered":"For doctors"},"content":{"rendered":"\t\t<div data-elementor-type=\"wp-page\" data-elementor-id=\"5835\" class=\"elementor elementor-5835 elementor-40\" data-elementor-post-type=\"page\">\n\t\t\t\t\t\t<section class=\"elementor-section elementor-top-section elementor-element elementor-element-ec368c7 elementor-section-height-min-height elementor-section-full_width elementor-section-items-stretch elementor-section-height-default\" data-id=\"ec368c7\" data-element_type=\"section\" data-settings=\"{&quot;jet_parallax_layout_list&quot;:[],&quot;background_background&quot;:&quot;classic&quot;}\">\n\t\t\t\t\t\t\t<div class=\"elementor-background-overlay\"><\/div>\n\t\t\t\t\t\t\t<div class=\"elementor-container elementor-column-gap-default\">\n\t\t\t\t\t<div class=\"elementor-column elementor-col-100 elementor-top-column elementor-element elementor-element-cc58fa5\" data-id=\"cc58fa5\" data-element_type=\"column\" data-settings=\"{&quot;background_background&quot;:&quot;classic&quot;}\">\n\t\t\t<div class=\"elementor-widget-wrap elementor-element-populated\">\n\t\t\t\t\t<div class=\"elementor-background-overlay\"><\/div>\n\t\t\t\t\t\t<section class=\"elementor-section elementor-inner-section elementor-element elementor-element-79c4ecb elementor-section-full_width elementor-section-height-default elementor-section-height-default elementor-invisible\" data-id=\"79c4ecb\" data-element_type=\"section\" data-settings=\"{&quot;jet_parallax_layout_list&quot;:[],&quot;animation&quot;:&quot;fadeIn&quot;}\">\n\t\t\t\t\t\t<div class=\"elementor-container elementor-column-gap-default\">\n\t\t\t\t\t<div class=\"elementor-column elementor-col-100 elementor-inner-column elementor-element elementor-element-f554a68\" data-id=\"f554a68\" data-element_type=\"column\">\n\t\t\t<div class=\"elementor-widget-wrap elementor-element-populated\">\n\t\t\t\t\t\t<div class=\"elementor-element elementor-element-25c8a95 elementor-widget elementor-widget-heading\" data-id=\"25c8a95\" data-element_type=\"widget\" data-widget_type=\"heading.default\">\n\t\t\t\t<div class=\"elementor-widget-container\">\n\t\t\t<h1 class=\"elementor-heading-title elementor-size-default\">For doctors<\/h1>\t\t<\/div>\n\t\t\t\t<\/div>\n\t\t\t\t<div class=\"elementor-element elementor-element-d45c980 elementor-widget elementor-widget-heading\" data-id=\"d45c980\" data-element_type=\"widget\" data-widget_type=\"heading.default\">\n\t\t\t\t<div class=\"elementor-widget-container\">\n\t\t\t<h4 class=\"elementor-heading-title elementor-size-default\">Abomics focuses on pharmacogenetics, which is available for all doctors and patients. In collaboration with clinical laboratories we offer a pharmacogenetic test and interpretation report to support doctors everyday medication decision-making.<\/h4>\t\t<\/div>\n\t\t\t\t<\/div>\n\t\t\t\t\t<\/div>\n\t\t<\/div>\n\t\t\t\t\t<\/div>\n\t\t<\/section>\n\t\t\t\t<section class=\"elementor-section elementor-inner-section elementor-element elementor-element-ddee39f elementor-section-full_width elementor-section-height-default elementor-section-height-default\" data-id=\"ddee39f\" data-element_type=\"section\" data-settings=\"{&quot;jet_parallax_layout_list&quot;:[]}\">\n\t\t\t\t\t\t<div class=\"elementor-container elementor-column-gap-default\">\n\t\t\t\t\t<div class=\"elementor-column elementor-col-100 elementor-inner-column elementor-element elementor-element-d31df9f\" data-id=\"d31df9f\" data-element_type=\"column\">\n\t\t\t<div class=\"elementor-widget-wrap elementor-element-populated\">\n\t\t\t\t\t\t<div class=\"elementor-element elementor-element-a799cb2 elementor-widget__width-initial elementor-invisible elementor-widget elementor-widget-button\" data-id=\"a799cb2\" data-element_type=\"widget\" data-settings=\"{&quot;_animation&quot;:&quot;fadeInUp&quot;}\" data-widget_type=\"button.default\">\n\t\t\t\t<div class=\"elementor-widget-container\">\n\t\t\t\t\t\t\t<div class=\"elementor-button-wrapper\">\n\t\t\t\t\t<a class=\"elementor-button elementor-button-link elementor-size-sm\" href=\"https:\/\/abomicspgx.com\/en-gb\/for-doctors\/scientific-evidence\/psychiatry\/\">\n\t\t\t\t\t\t<span class=\"elementor-button-content-wrapper\">\n\t\t\t\t\t\t\t\t\t<span class=\"elementor-button-text\">Psychiatry<\/span>\n\t\t\t\t\t<\/span>\n\t\t\t\t\t<\/a>\n\t\t\t\t<\/div>\n\t\t\t\t\t\t<\/div>\n\t\t\t\t<\/div>\n\t\t\t\t<div class=\"elementor-element elementor-element-ae0a9ed elementor-widget__width-initial elementor-invisible elementor-widget elementor-widget-button\" data-id=\"ae0a9ed\" data-element_type=\"widget\" data-settings=\"{&quot;_animation&quot;:&quot;fadeInUp&quot;}\" data-widget_type=\"button.default\">\n\t\t\t\t<div class=\"elementor-widget-container\">\n\t\t\t\t\t\t\t<div class=\"elementor-button-wrapper\">\n\t\t\t\t\t<a class=\"elementor-button elementor-button-link elementor-size-sm\" href=\"https:\/\/abomicspgx.com\/en-gb\/for-doctors\/scientific-evidence\/geriatrics\/\">\n\t\t\t\t\t\t<span class=\"elementor-button-content-wrapper\">\n\t\t\t\t\t\t\t\t\t<span class=\"elementor-button-text\">Geriatrics<\/span>\n\t\t\t\t\t<\/span>\n\t\t\t\t\t<\/a>\n\t\t\t\t<\/div>\n\t\t\t\t\t\t<\/div>\n\t\t\t\t<\/div>\n\t\t\t\t<div class=\"elementor-element elementor-element-d5c79d1 elementor-widget__width-initial elementor-invisible elementor-widget elementor-widget-button\" data-id=\"d5c79d1\" data-element_type=\"widget\" data-settings=\"{&quot;_animation&quot;:&quot;fadeInUp&quot;}\" data-widget_type=\"button.default\">\n\t\t\t\t<div class=\"elementor-widget-container\">\n\t\t\t\t\t\t\t<div class=\"elementor-button-wrapper\">\n\t\t\t\t\t<a class=\"elementor-button elementor-button-link elementor-size-sm\" href=\"https:\/\/abomicspgx.com\/en-gb\/for-doctors\/scientific-evidence\/cardiology\/\">\n\t\t\t\t\t\t<span class=\"elementor-button-content-wrapper\">\n\t\t\t\t\t\t\t\t\t<span class=\"elementor-button-text\">Cardiology<\/span>\n\t\t\t\t\t<\/span>\n\t\t\t\t\t<\/a>\n\t\t\t\t<\/div>\n\t\t\t\t\t\t<\/div>\n\t\t\t\t<\/div>\n\t\t\t\t<div class=\"elementor-element elementor-element-b28e3fd elementor-widget__width-initial elementor-invisible elementor-widget elementor-widget-button\" data-id=\"b28e3fd\" data-element_type=\"widget\" data-settings=\"{&quot;_animation&quot;:&quot;fadeInUp&quot;}\" data-widget_type=\"button.default\">\n\t\t\t\t<div class=\"elementor-widget-container\">\n\t\t\t\t\t\t\t<div class=\"elementor-button-wrapper\">\n\t\t\t\t\t<a class=\"elementor-button elementor-button-link elementor-size-sm\" href=\"https:\/\/abomicspgx.com\/en-gb\/for-doctors\/scientific-evidence\/neurology\/\">\n\t\t\t\t\t\t<span class=\"elementor-button-content-wrapper\">\n\t\t\t\t\t\t\t\t\t<span class=\"elementor-button-text\">Neurology<\/span>\n\t\t\t\t\t<\/span>\n\t\t\t\t\t<\/a>\n\t\t\t\t<\/div>\n\t\t\t\t\t\t<\/div>\n\t\t\t\t<\/div>\n\t\t\t\t<div class=\"elementor-element elementor-element-559314f elementor-widget__width-initial elementor-invisible elementor-widget elementor-widget-button\" data-id=\"559314f\" data-element_type=\"widget\" data-settings=\"{&quot;_animation&quot;:&quot;fadeInUp&quot;}\" data-widget_type=\"button.default\">\n\t\t\t\t<div class=\"elementor-widget-container\">\n\t\t\t\t\t\t\t<div class=\"elementor-button-wrapper\">\n\t\t\t\t\t<a class=\"elementor-button elementor-button-link elementor-size-sm\" href=\"https:\/\/abomicspgx.com\/en-gb\/for-doctors\/scientific-evidence\/adverse-reactions\/\">\n\t\t\t\t\t\t<span class=\"elementor-button-content-wrapper\">\n\t\t\t\t\t\t\t\t\t<span class=\"elementor-button-text\">Adverse Drug Reactions<\/span>\n\t\t\t\t\t<\/span>\n\t\t\t\t\t<\/a>\n\t\t\t\t<\/div>\n\t\t\t\t\t\t<\/div>\n\t\t\t\t<\/div>\n\t\t\t\t\t<\/div>\n\t\t<\/div>\n\t\t\t\t\t<\/div>\n\t\t<\/section>\n\t\t\t\t\t<\/div>\n\t\t<\/div>\n\t\t\t\t\t<\/div>\n\t\t<\/section>\n\t\t\t\t<section class=\"elementor-section elementor-top-section elementor-element elementor-element-cc9b67a elementor-section-height-min-height elementor-section-full_width elementor-section-items-stretch elementor-reverse-mobile elementor-reverse-tablet elementor-section-height-default\" data-id=\"cc9b67a\" data-element_type=\"section\" id=\"apuna-laakarin-paatoksenteossa\" data-settings=\"{&quot;jet_parallax_layout_list&quot;:[],&quot;background_background&quot;:&quot;classic&quot;}\">\n\t\t\t\t\t\t<div class=\"elementor-container elementor-column-gap-default\">\n\t\t\t\t\t<div class=\"elementor-column elementor-col-50 elementor-top-column elementor-element elementor-element-cebd91e\" data-id=\"cebd91e\" data-element_type=\"column\" data-settings=\"{&quot;background_background&quot;:&quot;classic&quot;}\">\n\t\t\t<div class=\"elementor-widget-wrap elementor-element-populated\">\n\t\t\t\t\t\t<div class=\"elementor-element elementor-element-ea13d16 elementor-widget elementor-widget-spacer\" data-id=\"ea13d16\" data-element_type=\"widget\" data-widget_type=\"spacer.default\">\n\t\t\t\t<div class=\"elementor-widget-container\">\n\t\t\t\t\t<div class=\"elementor-spacer\">\n\t\t\t<div class=\"elementor-spacer-inner\"><\/div>\n\t\t<\/div>\n\t\t\t\t<\/div>\n\t\t\t\t<\/div>\n\t\t\t\t\t<\/div>\n\t\t<\/div>\n\t\t\t\t<div class=\"elementor-column elementor-col-50 elementor-top-column elementor-element elementor-element-dbfaf43 elementor-invisible\" data-id=\"dbfaf43\" data-element_type=\"column\" data-settings=\"{&quot;animation&quot;:&quot;fadeIn&quot;,&quot;background_background&quot;:&quot;classic&quot;}\">\n\t\t\t<div class=\"elementor-widget-wrap elementor-element-populated\">\n\t\t\t\t\t\t<div class=\"elementor-element elementor-element-53a5934 elementor-invisible elementor-widget elementor-widget-heading\" data-id=\"53a5934\" data-element_type=\"widget\" data-settings=\"{&quot;_animation&quot;:&quot;fadeIn&quot;}\" data-widget_type=\"heading.default\">\n\t\t\t\t<div class=\"elementor-widget-container\">\n\t\t\t<h2 class=\"elementor-heading-title elementor-size-default\">Pharmacogenetics<\/h2>\t\t<\/div>\n\t\t\t\t<\/div>\n\t\t\t\t<section class=\"elementor-section elementor-inner-section elementor-element elementor-element-6f6399c elementor-section-boxed elementor-section-height-default elementor-section-height-default\" data-id=\"6f6399c\" data-element_type=\"section\" data-settings=\"{&quot;jet_parallax_layout_list&quot;:[]}\">\n\t\t\t\t\t\t<div class=\"elementor-container elementor-column-gap-default\">\n\t\t\t\t\t<div class=\"elementor-column elementor-col-100 elementor-inner-column elementor-element elementor-element-537948d\" data-id=\"537948d\" data-element_type=\"column\">\n\t\t\t<div class=\"elementor-widget-wrap elementor-element-populated\">\n\t\t\t\t\t\t<div class=\"elementor-element elementor-element-7727029 elementor-invisible elementor-widget elementor-widget-text-editor\" data-id=\"7727029\" data-element_type=\"widget\" data-settings=\"{&quot;_animation&quot;:&quot;fadeIn&quot;}\" data-widget_type=\"text-editor.default\">\n\t\t\t\t<div class=\"elementor-widget-container\">\n\t\t\t\t\t\t\t<p>Pharmacogenetics is a branch of science studying how genes affect pharmacokinetics and pharmacodynamics. Metabolism of pharmaceuticals occurs through enzymes, and genes regulate the expression of enzymes. Currently over 20 genes with clinically significant effects on drug metabolism have been identified. The most important of these are <em>CYP2D6<\/em> and <em>CYP2C19<\/em> from the CYP enzyme family, and they are associated with significant genetic variation.<\/p>\n<p>Almost everyone has one or more genetic variants that affect their drug metabolism. In a study of over 1000 patients 99 % had at least one genetic variant that affects medication <a href=\"#referenssit\"><sup>1<\/sup><\/a>. The prevalence of different genetic variants can vary significantly between populations so that a rare variant in one population can be very common in another. For example, less than half of the Finnish population are considered normal CYP2C19 metabolisers <a href=\"#referenssit\"><sup>2<\/sup><\/a>, which affects the safety and effectiveness of medicines that are metabolised by CYP2C19. Such are, for example, many antidepressants like escitalopram and amitriptyline, as well as the antithrombotic clopidogrel.<\/p>\n<p>The standard dosing guidelines of medicines are based on drug trials where the majority of patients get the desired therapeutic effect. For slower and faster metabolisers, however, the concentration of the medicine can be above or below the therapeutic window. This can lead to not receiving the therapeutic effect (concentration too low) or an increased risk of adverse drug reactions (concentration too high).<\/p>\n\t\t\t\t\t\t<\/div>\n\t\t\t\t<\/div>\n\t\t\t\t\t<\/div>\n\t\t<\/div>\n\t\t\t\t\t<\/div>\n\t\t<\/section>\n\t\t\t\t\t<\/div>\n\t\t<\/div>\n\t\t\t\t\t<\/div>\n\t\t<\/section>\n\t\t\t\t<section class=\"elementor-section elementor-top-section elementor-element elementor-element-05b9014 elementor-section-height-min-height elementor-section-full_width elementor-section-items-stretch elementor-section-height-default\" data-id=\"05b9014\" data-element_type=\"section\" data-settings=\"{&quot;jet_parallax_layout_list&quot;:[],&quot;background_background&quot;:&quot;classic&quot;}\">\n\t\t\t\t\t\t<div class=\"elementor-container elementor-column-gap-default\">\n\t\t\t\t\t<div class=\"elementor-column elementor-col-50 elementor-top-column elementor-element elementor-element-95356e6 elementor-invisible\" data-id=\"95356e6\" data-element_type=\"column\" data-settings=\"{&quot;animation&quot;:&quot;fadeIn&quot;,&quot;background_background&quot;:&quot;classic&quot;}\">\n\t\t\t<div class=\"elementor-widget-wrap elementor-element-populated\">\n\t\t\t\t\t\t<div class=\"elementor-element elementor-element-02fa05b elementor-invisible elementor-widget elementor-widget-heading\" data-id=\"02fa05b\" data-element_type=\"widget\" data-settings=\"{&quot;_animation&quot;:&quot;fadeIn&quot;}\" data-widget_type=\"heading.default\">\n\t\t\t\t<div class=\"elementor-widget-container\">\n\t\t\t<h2 class=\"elementor-heading-title elementor-size-default\">Abomics GeneRx database includes hundreds of medicines<\/h2>\t\t<\/div>\n\t\t\t\t<\/div>\n\t\t\t\t<section class=\"elementor-section elementor-inner-section elementor-element elementor-element-5583498 elementor-section-boxed elementor-section-height-default elementor-section-height-default\" data-id=\"5583498\" data-element_type=\"section\" data-settings=\"{&quot;jet_parallax_layout_list&quot;:[]}\">\n\t\t\t\t\t\t<div class=\"elementor-container elementor-column-gap-default\">\n\t\t\t\t\t<div class=\"elementor-column elementor-col-100 elementor-inner-column elementor-element elementor-element-2e186af\" data-id=\"2e186af\" data-element_type=\"column\">\n\t\t\t<div class=\"elementor-widget-wrap elementor-element-populated\">\n\t\t\t\t\t\t<div class=\"elementor-element elementor-element-ee035b2 elementor-invisible elementor-widget elementor-widget-text-editor\" data-id=\"ee035b2\" data-element_type=\"widget\" data-settings=\"{&quot;_animation&quot;:&quot;fadeIn&quot;}\" data-widget_type=\"text-editor.default\">\n\t\t\t\t<div class=\"elementor-widget-container\">\n\t\t\t\t\t\t\t<p>Monetary cost is not a barrier to pharmacogenetic testing anymore <a href=\"#referenssit\"><sup>3<\/sup><\/a>. The effectiveness and cost-effectiveness of pharmacogenetic testing has been studied for various medicines and medical conditions.  <a href=\"#referenssit\"><sup>3, 4<\/sup><\/a><\/p>\n<p>In a review of studies on the cost-effectiveness of pharmacogenetic testing, 71 % of the studies deemed pharmacogenetic testing cost-effective or cost-saving   <\/p>\n<p>This was especially true for clopidogrel (98 %) and antidepressants (82 %). <a href=\"\"><sup>5<\/sup><\/a> In the treatment of mood and anxiety disorders, pharmacogenetic testing was estimated to save 2000 \u20ac per patient during a 6-month follow-up period due to decreased number of ER visits and hospitalisations.   Read more below<\/p>\n\t\t\t\t\t\t<\/div>\n\t\t\t\t<\/div>\n\t\t\t\t\t<\/div>\n\t\t<\/div>\n\t\t\t\t\t<\/div>\n\t\t<\/section>\n\t\t\t\t\t<\/div>\n\t\t<\/div>\n\t\t\t\t<div class=\"elementor-column elementor-col-50 elementor-top-column elementor-element elementor-element-bb6b66f\" data-id=\"bb6b66f\" data-element_type=\"column\" data-settings=\"{&quot;background_background&quot;:&quot;classic&quot;}\">\n\t\t\t<div class=\"elementor-widget-wrap elementor-element-populated\">\n\t\t\t\t\t\t<div class=\"elementor-element elementor-element-efac5ea elementor-widget elementor-widget-spacer\" data-id=\"efac5ea\" data-element_type=\"widget\" data-widget_type=\"spacer.default\">\n\t\t\t\t<div class=\"elementor-widget-container\">\n\t\t\t\t\t<div class=\"elementor-spacer\">\n\t\t\t<div class=\"elementor-spacer-inner\"><\/div>\n\t\t<\/div>\n\t\t\t\t<\/div>\n\t\t\t\t<\/div>\n\t\t\t\t<div class=\"elementor-element elementor-element-4c6a6c3 elementor-absolute elementor-widget elementor-widget-text-editor\" data-id=\"4c6a6c3\" data-element_type=\"widget\" id=\"referenssit\" data-settings=\"{&quot;_position&quot;:&quot;absolute&quot;}\" data-widget_type=\"text-editor.default\">\n\t\t\t\t<div class=\"elementor-widget-container\">\n\t\t\t\t\t\t\t<p>[1] Ji, Y. et al. (2016) Preemptive Pharmacogenomic Testing for Precision Medicine: A Comprehensive Analysis of Five Actionable Pharmacogenomic Genes Using Next-Generation DNA Sequencing and a Customized CYP2D6 Genotyping Cascade. The Journal of molecular Diagnostics. 18(3), 438-445., 95(4), 423-432.  <a href=\"https:\/\/doi.org\/10.1016\/j.jmoldx.2016.01.003\" target=\"_blank\" rel=\"noopener\">https:\/\/doi.org\/10.1016\/j.jmoldx.2016.01.003<\/a><\/p>\n<p>[2] H\u00e4kkinen, K. et al. (2022). Implementation of CYP2D6 copy-number imputation panel and frequency of key pharmacogenetic variants in Finnish individuals with a psychotic disorder. The Pharmacogenomics Journal. 22(3), 166\u2013172. <a href=\"https:\/\/doi.org\/10.1038\/s41397-022-00270-y\" target=\"_blank\" rel=\"noopener\">https:\/\/doi.org\/10.1038\/s41397-022-00270-y<\/a><\/p>\n<p>[3] GeneRx-tietokanta, Abomics Oy <a href=\"https:\/\/www.terveysportti.fi\/apps\/generx\/\" target=\"_blank\" rel=\"noopener\">https:\/\/www.terveysportti.fi\/apps\/generx\/<\/a><\/p>\n<p>[4] L\u00e4\u00e4kealan turvallisuus- ja kehitt\u00e4miskeskus Fimea &amp; Kansanel\u00e4kelaitos. (2022) Suomen l\u00e4\u00e4ketilasto 2021. Helsinki. <a href=\"https:\/\/urn.fi\/URN:NBN:fi-fe2022121672023\">htt<span class=\"TextRun SCXW90834698 BCX0\" lang=\"FI-FI\" data-contrast=\"auto\"><span class=\"NormalTextRun TrackChangeHoverSelectHighlightBlue SCXW90834698 BCX0\">ps:\/\/urn.fi\/URN:NBN:fi-fe2022121672023<\/span><\/span><\/a><\/p>\n<p>[5] Morris, S.A., Alsaidi, A.T., Verbyla, A., Cruz, A., Macfarlane, C., Bauer, J. and Patel, J.N. (2022), Cost Effectiveness of Pharmacogenetic Testing for Drugs with Clinical Pharmacogenetics Implementation Consortium (CPIC) Guidelines: A Systematic Review. Clin Pharmacol Ther. <a href=\"https:\/\/doi.org\/10.1002\/cpt.2754\" target=\"_blank\" rel=\"noopener\">https:\/\/doi.org\/10.1002\/cpt.2754<\/a><\/p>\n\t\t\t\t\t\t<\/div>\n\t\t\t\t<\/div>\n\t\t\t\t\t<\/div>\n\t\t<\/div>\n\t\t\t\t\t<\/div>\n\t\t<\/section>\n\t\t\t\t<\/div>\n\t\t","protected":false},"excerpt":{"rendered":"<p>For doctors Abomics focuses on pharmacogenetics, which is available for all doctors and patients. In collaboration with clinical laboratories we offer a pharmacogenetic test and interpretation report to support doctors everyday medication decision-making. Psychiatry Geriatrics Cardiology Neurology Adverse Drug Reactions Pharmacogenetics Pharmacogenetics is a branch of science studying how genes affect pharmacokinetics and pharmacodynamics. Metabolism [&hellip;]<\/p>\n","protected":false},"author":1,"featured_media":0,"parent":0,"menu_order":0,"comment_status":"closed","ping_status":"closed","template":"","meta":{"content-type":"","_uf_show_specific_survey":0,"_uf_disable_surveys":false,"footnotes":""},"class_list":["post-5835","page","type-page","status-publish","hentry"],"aioseo_notices":[],"_links":{"self":[{"href":"https:\/\/abomicspgx.com\/en-gb\/wp-json\/wp\/v2\/pages\/5835","targetHints":{"allow":["GET"]}}],"collection":[{"href":"https:\/\/abomicspgx.com\/en-gb\/wp-json\/wp\/v2\/pages"}],"about":[{"href":"https:\/\/abomicspgx.com\/en-gb\/wp-json\/wp\/v2\/types\/page"}],"author":[{"embeddable":true,"href":"https:\/\/abomicspgx.com\/en-gb\/wp-json\/wp\/v2\/users\/1"}],"replies":[{"embeddable":true,"href":"https:\/\/abomicspgx.com\/en-gb\/wp-json\/wp\/v2\/comments?post=5835"}],"version-history":[{"count":11,"href":"https:\/\/abomicspgx.com\/en-gb\/wp-json\/wp\/v2\/pages\/5835\/revisions"}],"predecessor-version":[{"id":6673,"href":"https:\/\/abomicspgx.com\/en-gb\/wp-json\/wp\/v2\/pages\/5835\/revisions\/6673"}],"wp:attachment":[{"href":"https:\/\/abomicspgx.com\/en-gb\/wp-json\/wp\/v2\/media?parent=5835"}],"curies":[{"name":"wp","href":"https:\/\/api.w.org\/{rel}","templated":true}]}}