{"id":5813,"date":"2022-12-13T11:39:29","date_gmt":"2022-12-13T09:39:29","guid":{"rendered":"https:\/\/abomicspgx.com\/pharmacogenetic-test\/how-many-drugs-are-affected-by-pharmacogenetics\/"},"modified":"2023-06-09T19:50:45","modified_gmt":"2023-06-09T16:50:45","slug":"how-many-drugs-are-affected-by-pharmacogenetics","status":"publish","type":"page","link":"https:\/\/abomicspgx.com\/en-gb\/pharmacogenetic-test\/how-many-drugs-are-affected-by-pharmacogenetics\/","title":{"rendered":"How many drugs are affected by pharmacogenetics?"},"content":{"rendered":"\t\t<div data-elementor-type=\"wp-page\" data-elementor-id=\"5813\" class=\"elementor elementor-5813 elementor-627\" data-elementor-post-type=\"page\">\n\t\t\t\t\t\t<section class=\"elementor-section elementor-top-section elementor-element elementor-element-1c70d32 elementor-section-height-min-height elementor-section-full_width elementor-section-items-stretch elementor-section-height-default\" data-id=\"1c70d32\" data-element_type=\"section\" data-settings=\"{&quot;jet_parallax_layout_list&quot;:[],&quot;background_background&quot;:&quot;classic&quot;}\">\n\t\t\t\t\t\t\t<div class=\"elementor-background-overlay\"><\/div>\n\t\t\t\t\t\t\t<div class=\"elementor-container elementor-column-gap-default\">\n\t\t\t\t\t<div class=\"elementor-column elementor-col-100 elementor-top-column elementor-element elementor-element-3fa2558\" data-id=\"3fa2558\" data-element_type=\"column\" data-settings=\"{&quot;background_background&quot;:&quot;classic&quot;}\">\n\t\t\t<div class=\"elementor-widget-wrap elementor-element-populated\">\n\t\t\t\t\t<div class=\"elementor-background-overlay\"><\/div>\n\t\t\t\t\t\t<section class=\"elementor-section elementor-inner-section elementor-element elementor-element-904ba96 elementor-section-full_width elementor-section-height-default elementor-section-height-default elementor-invisible\" data-id=\"904ba96\" data-element_type=\"section\" data-settings=\"{&quot;jet_parallax_layout_list&quot;:[],&quot;animation&quot;:&quot;fadeIn&quot;}\">\n\t\t\t\t\t\t<div class=\"elementor-container elementor-column-gap-default\">\n\t\t\t\t\t<div class=\"elementor-column elementor-col-100 elementor-inner-column elementor-element elementor-element-480ecbc\" data-id=\"480ecbc\" data-element_type=\"column\">\n\t\t\t<div class=\"elementor-widget-wrap elementor-element-populated\">\n\t\t\t\t\t\t<div class=\"elementor-element elementor-element-4b0c2f2 elementor-widget elementor-widget-heading\" data-id=\"4b0c2f2\" data-element_type=\"widget\" data-widget_type=\"heading.default\">\n\t\t\t\t<div class=\"elementor-widget-container\">\n\t\t\t<h1 class=\"elementor-heading-title elementor-size-default\">Which medicines does pharmacogenetics affect?<\/h1>\t\t<\/div>\n\t\t\t\t<\/div>\n\t\t\t\t<div class=\"elementor-element elementor-element-3bc1b51 elementor-widget elementor-widget-heading\" data-id=\"3bc1b51\" data-element_type=\"widget\" data-widget_type=\"heading.default\">\n\t\t\t\t<div class=\"elementor-widget-container\">\n\t\t\t<h4 class=\"elementor-heading-title elementor-size-default\">Pharmacogenetics affects hundreds of medicines, many of which are very commonly used. Especially patients with depression, cardiovascular diseases or polypharmacy can benefit from pharmacogenetic testing.<\/h4>\t\t<\/div>\n\t\t\t\t<\/div>\n\t\t\t\t<div class=\"elementor-element elementor-element-a2fdcce elementor-view-default elementor-invisible elementor-widget elementor-widget-icon\" data-id=\"a2fdcce\" data-element_type=\"widget\" data-settings=\"{&quot;_animation&quot;:&quot;slideInDown&quot;}\" data-widget_type=\"icon.default\">\n\t\t\t\t<div class=\"elementor-widget-container\">\n\t\t\t\t\t<div class=\"elementor-icon-wrapper\">\n\t\t\t<a class=\"elementor-icon\" href=\"#kuinka-moneen-farmakogenetiikka-vaikuttaa\">\n\t\t\t<i aria-hidden=\"true\" class=\"fas fa-chevron-down\"><\/i>\t\t\t<\/a>\n\t\t<\/div>\n\t\t\t\t<\/div>\n\t\t\t\t<\/div>\n\t\t\t\t\t<\/div>\n\t\t<\/div>\n\t\t\t\t\t<\/div>\n\t\t<\/section>\n\t\t\t\t\t<\/div>\n\t\t<\/div>\n\t\t\t\t\t<\/div>\n\t\t<\/section>\n\t\t\t\t<section class=\"elementor-section elementor-top-section elementor-element elementor-element-d270aae elementor-section-height-min-height elementor-section-full_width elementor-section-items-stretch elementor-reverse-tablet elementor-reverse-mobile elementor-section-height-default\" data-id=\"d270aae\" data-element_type=\"section\" id=\"kuinka-moneen-farmakogenetiikka-vaikuttaa\" data-settings=\"{&quot;jet_parallax_layout_list&quot;:[],&quot;background_background&quot;:&quot;classic&quot;}\">\n\t\t\t\t\t\t<div class=\"elementor-container elementor-column-gap-default\">\n\t\t\t\t\t<div class=\"elementor-column elementor-col-50 elementor-top-column elementor-element elementor-element-be013fd\" data-id=\"be013fd\" data-element_type=\"column\" data-settings=\"{&quot;background_background&quot;:&quot;classic&quot;}\">\n\t\t\t<div class=\"elementor-widget-wrap elementor-element-populated\">\n\t\t\t\t\t\t<div class=\"elementor-element elementor-element-ea55e55 elementor-widget elementor-widget-image\" data-id=\"ea55e55\" data-element_type=\"widget\" data-widget_type=\"image.default\">\n\t\t\t\t<div class=\"elementor-widget-container\">\n\t\t\t\t\t\t\t\t\t\t\t\t\t<img fetchpriority=\"high\" decoding=\"async\" width=\"1601\" height=\"1601\" src=\"https:\/\/abomicspgx.com\/wp-content\/uploads\/2023\/01\/Abomics-Medicine-impacted-by-pharmacogenetics-4.png\" class=\"attachment-full size-full wp-image-2842\" alt=\"\" srcset=\"https:\/\/abomicspgx.com\/wp-content\/uploads\/2023\/01\/Abomics-Medicine-impacted-by-pharmacogenetics-4.png 1601w, https:\/\/abomicspgx.com\/wp-content\/uploads\/2023\/01\/Abomics-Medicine-impacted-by-pharmacogenetics-4-300x300.png 300w, https:\/\/abomicspgx.com\/wp-content\/uploads\/2023\/01\/Abomics-Medicine-impacted-by-pharmacogenetics-4-1024x1024.png 1024w, https:\/\/abomicspgx.com\/wp-content\/uploads\/2023\/01\/Abomics-Medicine-impacted-by-pharmacogenetics-4-150x150.png 150w, https:\/\/abomicspgx.com\/wp-content\/uploads\/2023\/01\/Abomics-Medicine-impacted-by-pharmacogenetics-4-768x768.png 768w, https:\/\/abomicspgx.com\/wp-content\/uploads\/2023\/01\/Abomics-Medicine-impacted-by-pharmacogenetics-4-1536x1536.png 1536w\" sizes=\"(max-width: 1601px) 100vw, 1601px\" \/>\t\t\t\t\t\t\t\t\t\t\t\t\t<\/div>\n\t\t\t\t<\/div>\n\t\t\t\t<div class=\"elementor-element elementor-element-ec52fb1 elementor-absolute elementor-widget elementor-widget-text-editor\" data-id=\"ec52fb1\" data-element_type=\"widget\" id=\"1\" data-settings=\"{&quot;_position&quot;:&quot;absolute&quot;}\" data-widget_type=\"text-editor.default\">\n\t\t\t\t<div class=\"elementor-widget-container\">\n\t\t\t\t\t\t\t<p>[1] L\u00e4\u00e4kealan turvallisuus- ja kehitt\u00e4miskeskus Fimea &amp; Kansanel\u00e4kelaitos. (2021) Suomen l\u00e4\u00e4ketilasto 2020. Helsinki. <a href=\"https:\/\/urn.fi\/URN:NBN:fi-fe2021122162417\">https:\/\/urn.fi\/URN:NBN:fi-fe2021122162417<\/a><br \/>[2] GeneRx-tietokanta, Abomics Oy <a href=\"https:\/\/www.terveysportti.fi\/apps\/laake\/\" target=\"_blank\" rel=\"noopener\">https:\/\/www.terveysportti.fi\/apps\/laake\/<\/a> sek\u00e4 <a href=\"https:\/\/www.terveysportti.fi\/apps\/generx\/\" target=\"_blank\" rel=\"noopener\">https:\/\/www.terveysportti.fi\/apps\/generx\/<\/a> <\/p>\n\t\t\t\t\t\t<\/div>\n\t\t\t\t<\/div>\n\t\t\t\t\t<\/div>\n\t\t<\/div>\n\t\t\t\t<div class=\"elementor-column elementor-col-50 elementor-top-column elementor-element elementor-element-44c7435\" data-id=\"44c7435\" data-element_type=\"column\" data-settings=\"{&quot;background_background&quot;:&quot;classic&quot;}\">\n\t\t\t<div class=\"elementor-widget-wrap elementor-element-populated\">\n\t\t\t\t\t\t<section class=\"elementor-section elementor-inner-section elementor-element elementor-element-6f6592e elementor-section-boxed elementor-section-height-default elementor-section-height-default\" data-id=\"6f6592e\" data-element_type=\"section\" data-settings=\"{&quot;jet_parallax_layout_list&quot;:[]}\">\n\t\t\t\t\t\t<div class=\"elementor-container elementor-column-gap-default\">\n\t\t\t\t\t<div class=\"elementor-column elementor-col-100 elementor-inner-column elementor-element elementor-element-bdebb11\" data-id=\"bdebb11\" data-element_type=\"column\">\n\t\t\t<div class=\"elementor-widget-wrap elementor-element-populated\">\n\t\t\t\t\t\t<div class=\"elementor-element elementor-element-5e83139 elementor-invisible elementor-widget elementor-widget-heading\" data-id=\"5e83139\" data-element_type=\"widget\" data-settings=\"{&quot;_animation&quot;:&quot;fadeIn&quot;}\" data-widget_type=\"heading.default\">\n\t\t\t\t<div class=\"elementor-widget-container\">\n\t\t\t<h2 class=\"elementor-heading-title elementor-size-default\">How many drugs are affected by pharmacogenetics?<\/h2>\t\t<\/div>\n\t\t\t\t<\/div>\n\t\t\t\t<div class=\"elementor-element elementor-element-03acfda elementor-invisible elementor-widget elementor-widget-text-editor\" data-id=\"03acfda\" data-element_type=\"widget\" data-settings=\"{&quot;_animation&quot;:&quot;fadeIn&quot;}\" data-widget_type=\"text-editor.default\">\n\t\t\t\t<div class=\"elementor-widget-container\">\n\t\t\t\t\t\t\t<p>Abomics\u2019 experts maintain a database that includes over 150 pharmaceuticals that are known to be affected by genetic variation and for which a clinically significant recommendation exists. Many of these drugs are widely used. The safety and effectiveness of many antidepressants and antipsychotics is affected by pharmacogenetics.<a href=\"#1\"><sup>1-2 <\/sup><\/a> Several drugs used for treatment of cardiovascular diseases, such as clopidogrel, atorvastatin and warfarin, are also significantly affected by pharmacogenetics.<\/p>\n<p>The effectiveness of some drugs is easy to measure: if the pain isn\u2019t relieved after taking pain medication, the drug doesn&#8217;t work. However, measuring the effectiveness of a drug isn&#8217;t always this straightforward. For example, the effectiveness of antidepressants can often be evaluated only after several weeks or even months after starting the medication. For some medications such as clopidogrel, which is commonly used to prevent ischemic stroke and heart attack, the effect can only be measured with a laboratory test. With pharmacogenetic testing the doctor knows beforehand how your genetic traits impact different medications and can anticipate whether a medication will work for you or not and how your dosage should be adjusted.<\/p>\n<p>With a personalised medication approach guided by pharmacogenetics, time spent on trial-and-error optimisation can be avoided and the risk of side effects reduced.<\/p>\n\t\t\t\t\t\t<\/div>\n\t\t\t\t<\/div>\n\t\t\t\t<div class=\"elementor-element elementor-element-563735d elementor-widget__width-initial elementor-invisible elementor-widget elementor-widget-button\" data-id=\"563735d\" data-element_type=\"widget\" data-settings=\"{&quot;_animation&quot;:&quot;fadeInUp&quot;}\" data-widget_type=\"button.default\">\n\t\t\t\t<div class=\"elementor-widget-container\">\n\t\t\t\t\t\t\t<div class=\"elementor-button-wrapper\">\n\t\t\t\t\t<a class=\"elementor-button elementor-button-link elementor-size-sm\" href=\"https:\/\/abomicspgx.com\/en-gb\/get-tested\/\">\n\t\t\t\t\t\t<span class=\"elementor-button-content-wrapper\">\n\t\t\t\t\t\t\t\t\t<span class=\"elementor-button-text\">How to get tested?<\/span>\n\t\t\t\t\t<\/span>\n\t\t\t\t\t<\/a>\n\t\t\t\t<\/div>\n\t\t\t\t\t\t<\/div>\n\t\t\t\t<\/div>\n\t\t\t\t\t<\/div>\n\t\t<\/div>\n\t\t\t\t\t<\/div>\n\t\t<\/section>\n\t\t\t\t\t<\/div>\n\t\t<\/div>\n\t\t\t\t\t<\/div>\n\t\t<\/section>\n\t\t\t\t<section class=\"elementor-section elementor-top-section elementor-element elementor-element-019d33a elementor-section-height-min-height elementor-section-full_width elementor-section-items-stretch elementor-section-height-default\" data-id=\"019d33a\" data-element_type=\"section\" data-settings=\"{&quot;jet_parallax_layout_list&quot;:[],&quot;background_background&quot;:&quot;classic&quot;}\">\n\t\t\t\t\t\t<div class=\"elementor-container elementor-column-gap-default\">\n\t\t\t\t\t<div class=\"elementor-column elementor-col-50 elementor-top-column elementor-element elementor-element-c1538bf\" data-id=\"c1538bf\" data-element_type=\"column\" data-settings=\"{&quot;background_background&quot;:&quot;classic&quot;}\">\n\t\t\t<div class=\"elementor-widget-wrap elementor-element-populated\">\n\t\t\t\t\t\t<div class=\"elementor-element elementor-element-ae07fe4 elementor-widget elementor-widget-spacer\" data-id=\"ae07fe4\" data-element_type=\"widget\" data-widget_type=\"spacer.default\">\n\t\t\t\t<div class=\"elementor-widget-container\">\n\t\t\t\t\t<div class=\"elementor-spacer\">\n\t\t\t<div class=\"elementor-spacer-inner\"><\/div>\n\t\t<\/div>\n\t\t\t\t<\/div>\n\t\t\t\t<\/div>\n\t\t\t\t<div class=\"elementor-element elementor-element-e3347fe elementor-absolute elementor-widget elementor-widget-text-editor\" data-id=\"e3347fe\" data-element_type=\"widget\" id=\"3\" data-settings=\"{&quot;_position&quot;:&quot;absolute&quot;}\" data-widget_type=\"text-editor.default\">\n\t\t\t\t<div class=\"elementor-widget-container\">\n\t\t\t\t\t\t\t<p>[3] P\u00e9rez, V. et al. (2017) Efficacy of prospective pharmacogenetic testing in the treatment of major depressive disorder: results of a randomized, double-blind clinical trial. BMC Psychiatry. 17, 250.  <a href=\"https:\/\/doi.org\/10.1186\/s12888-017-1412-1\">https:\/\/doi.org\/10.1186\/s12888-017-1412-1<\/a><br \/>[4] Bradley, P. et al (2018) Improved efficacy with targeted pharmacogenetic-guided treatment of patients with depression and anxiety: A randomized clinical trial demonstrating clinical utility. Journal of Psychiatric Research. 96, 100-107.  <a href=\"https:\/\/doi.org\/10.1016\/j.jpsychires.2017.09.024\">https:\/\/doi.org\/10.1016\/j.jpsychires.2017.09.024 <\/a><br \/>[5] Bousman, C. et al. (2018) Pharmacogenetic tests and depressive symptom remission: a meta-analysis of randomized controlled trials. Pharmacogenomics. 20(1), 37-47.  <a href=\"https:\/\/doi.org\/10.2217\/pgs-2018-0142\">https:\/\/doi.org\/10.2217\/pgs-2018-0142 <\/a><br \/>[6] Perlis, R. H. et al. (2018) Pharmacogenetic testing among patients with mood and anxiety disorders is associated with decreased utilization and cost: A propensity-score matched study. Depression &amp; Anxiety. 2018; 35: 946\u2013 952. <a href=\"https:\/\/doi.org\/10.1002\/da.22742\">https:\/\/doi.org\/10.1002\/da.22742 <\/a><br \/>[7] Brixner, D. et al. (2016) The effect of pharmacogenetic profiling with a clinical decision support tool on healthcare resource utilization and estimated costs in the elderly exposed to polypharmacy. Journal of Medical Economics. 19(3), 213-228.  <a href=\"https:\/\/doi.org\/10.3111\/13696998.2015.1110160\">https:\/\/doi.org\/10.3111\/13696998.2015.1110160 <\/a><\/p>\n\t\t\t\t\t\t<\/div>\n\t\t\t\t<\/div>\n\t\t\t\t\t<\/div>\n\t\t<\/div>\n\t\t\t\t<div class=\"elementor-column elementor-col-50 elementor-top-column elementor-element elementor-element-3955a64 elementor-invisible\" data-id=\"3955a64\" data-element_type=\"column\" data-settings=\"{&quot;animation&quot;:&quot;fadeIn&quot;,&quot;background_background&quot;:&quot;classic&quot;}\">\n\t\t\t<div class=\"elementor-widget-wrap elementor-element-populated\">\n\t\t\t\t\t\t<div class=\"elementor-element elementor-element-6350050 elementor-invisible elementor-widget elementor-widget-heading\" data-id=\"6350050\" data-element_type=\"widget\" data-settings=\"{&quot;_animation&quot;:&quot;fadeIn&quot;}\" data-widget_type=\"heading.default\">\n\t\t\t\t<div class=\"elementor-widget-container\">\n\t\t\t<h2 class=\"elementor-heading-title elementor-size-default\">Pharmacogenetics makes healthcare safer and more cost-effective <\/h2>\t\t<\/div>\n\t\t\t\t<\/div>\n\t\t\t\t<section class=\"elementor-section elementor-inner-section elementor-element elementor-element-84912bb elementor-section-boxed elementor-section-height-default elementor-section-height-default\" data-id=\"84912bb\" data-element_type=\"section\" data-settings=\"{&quot;jet_parallax_layout_list&quot;:[]}\">\n\t\t\t\t\t\t<div class=\"elementor-container elementor-column-gap-default\">\n\t\t\t\t\t<div class=\"elementor-column elementor-col-100 elementor-inner-column elementor-element elementor-element-ec483c1\" data-id=\"ec483c1\" data-element_type=\"column\">\n\t\t\t<div class=\"elementor-widget-wrap elementor-element-populated\">\n\t\t\t\t\t\t<div class=\"elementor-element elementor-element-a4035f9 elementor-invisible elementor-widget elementor-widget-text-editor\" data-id=\"a4035f9\" data-element_type=\"widget\" data-settings=\"{&quot;_animation&quot;:&quot;fadeIn&quot;}\" data-widget_type=\"text-editor.default\">\n\t\t\t\t<div class=\"elementor-widget-container\">\n\t\t\t\t\t\t\t<p>Pharmacogenetics affects drugs used in many therapeutic areas. Scientific evidence supporting the use of pharmacogenetic testing is particularly strong in the treatment of depression, because it reduces adverse drug effects, speeds up recovery and reduces the need of hospitalisation <a href=\"#3\"><sup>3-6<\/sup><\/a>. Patients with several simultaneous medications also benefit from pharmacogenetic testing as both the need for emergency room care and hospitalisation is decreased <a href=\"#3\"><sup>7<\/sup><\/a>. Read more about how you could benefit from pharmacogenetic testing.<\/p>\n\t\t\t\t\t\t<\/div>\n\t\t\t\t<\/div>\n\t\t\t\t<div class=\"elementor-element elementor-element-b797d1f elementor-widget__width-auto elementor-invisible elementor-widget elementor-widget-button\" data-id=\"b797d1f\" data-element_type=\"widget\" data-settings=\"{&quot;_animation&quot;:&quot;fadeInUp&quot;}\" data-widget_type=\"button.default\">\n\t\t\t\t<div class=\"elementor-widget-container\">\n\t\t\t\t\t\t\t<div class=\"elementor-button-wrapper\">\n\t\t\t\t\t<a class=\"elementor-button elementor-button-link elementor-size-sm\" href=\"https:\/\/abomicspgx.com\/en-gb\/pharmacogenetic-test\/how-many-drugs-are-affected-by-pharmacogenetics\/depression\/\">\n\t\t\t\t\t\t<span class=\"elementor-button-content-wrapper\">\n\t\t\t\t\t\t\t\t\t<span class=\"elementor-button-text\">Depression <\/span>\n\t\t\t\t\t<\/span>\n\t\t\t\t\t<\/a>\n\t\t\t\t<\/div>\n\t\t\t\t\t\t<\/div>\n\t\t\t\t<\/div>\n\t\t\t\t<div class=\"elementor-element elementor-element-0ee961a elementor-widget__width-auto elementor-invisible elementor-widget elementor-widget-button\" data-id=\"0ee961a\" data-element_type=\"widget\" data-settings=\"{&quot;_animation&quot;:&quot;fadeInUp&quot;}\" data-widget_type=\"button.default\">\n\t\t\t\t<div class=\"elementor-widget-container\">\n\t\t\t\t\t\t\t<div class=\"elementor-button-wrapper\">\n\t\t\t\t\t<a class=\"elementor-button elementor-button-link elementor-size-sm\" href=\"https:\/\/abomicspgx.com\/en-gb\/pharmacogenetic-test\/how-many-drugs-are-affected-by-pharmacogenetics\/polypharmacy\/\">\n\t\t\t\t\t\t<span class=\"elementor-button-content-wrapper\">\n\t\t\t\t\t\t\t\t\t<span class=\"elementor-button-text\">Polypharmacy<\/span>\n\t\t\t\t\t<\/span>\n\t\t\t\t\t<\/a>\n\t\t\t\t<\/div>\n\t\t\t\t\t\t<\/div>\n\t\t\t\t<\/div>\n\t\t\t\t<div class=\"elementor-element elementor-element-5b762d4 elementor-widget__width-auto elementor-invisible elementor-widget elementor-widget-button\" data-id=\"5b762d4\" data-element_type=\"widget\" data-settings=\"{&quot;_animation&quot;:&quot;fadeInUp&quot;}\" data-widget_type=\"button.default\">\n\t\t\t\t<div class=\"elementor-widget-container\">\n\t\t\t\t\t\t\t<div class=\"elementor-button-wrapper\">\n\t\t\t\t\t<a class=\"elementor-button elementor-button-link elementor-size-sm\" href=\"https:\/\/abomicspgx.com\/en-gb\/pharmacogenetic-test\/how-many-drugs-are-affected-by-pharmacogenetics\/cardiovascular-diseases\/\">\n\t\t\t\t\t\t<span class=\"elementor-button-content-wrapper\">\n\t\t\t\t\t\t\t\t\t<span class=\"elementor-button-text\">Cardiovascular diseases<\/span>\n\t\t\t\t\t<\/span>\n\t\t\t\t\t<\/a>\n\t\t\t\t<\/div>\n\t\t\t\t\t\t<\/div>\n\t\t\t\t<\/div>\n\t\t\t\t\t<\/div>\n\t\t<\/div>\n\t\t\t\t\t<\/div>\n\t\t<\/section>\n\t\t\t\t\t<\/div>\n\t\t<\/div>\n\t\t\t\t\t<\/div>\n\t\t<\/section>\n\t\t\t\t<\/div>\n\t\t","protected":false},"excerpt":{"rendered":"<p>Which medicines does pharmacogenetics affect? Pharmacogenetics affects hundreds of medicines, many of which are very commonly used. Especially patients with depression, cardiovascular diseases or polypharmacy can benefit from pharmacogenetic testing. [1] L\u00e4\u00e4kealan turvallisuus- ja kehitt\u00e4miskeskus Fimea &amp; Kansanel\u00e4kelaitos. (2021) Suomen l\u00e4\u00e4ketilasto 2020. Helsinki. https:\/\/urn.fi\/URN:NBN:fi-fe2021122162417[2] GeneRx-tietokanta, Abomics Oy https:\/\/www.terveysportti.fi\/apps\/laake\/ sek\u00e4 https:\/\/www.terveysportti.fi\/apps\/generx\/ How many drugs are affected [&hellip;]<\/p>\n","protected":false},"author":1,"featured_media":0,"parent":5757,"menu_order":3,"comment_status":"closed","ping_status":"closed","template":"","meta":{"content-type":"","_uf_show_specific_survey":0,"_uf_disable_surveys":false,"footnotes":""},"class_list":["post-5813","page","type-page","status-publish","hentry"],"aioseo_notices":[],"_links":{"self":[{"href":"https:\/\/abomicspgx.com\/en-gb\/wp-json\/wp\/v2\/pages\/5813","targetHints":{"allow":["GET"]}}],"collection":[{"href":"https:\/\/abomicspgx.com\/en-gb\/wp-json\/wp\/v2\/pages"}],"about":[{"href":"https:\/\/abomicspgx.com\/en-gb\/wp-json\/wp\/v2\/types\/page"}],"author":[{"embeddable":true,"href":"https:\/\/abomicspgx.com\/en-gb\/wp-json\/wp\/v2\/users\/1"}],"replies":[{"embeddable":true,"href":"https:\/\/abomicspgx.com\/en-gb\/wp-json\/wp\/v2\/comments?post=5813"}],"version-history":[{"count":1,"href":"https:\/\/abomicspgx.com\/en-gb\/wp-json\/wp\/v2\/pages\/5813\/revisions"}],"predecessor-version":[{"id":5814,"href":"https:\/\/abomicspgx.com\/en-gb\/wp-json\/wp\/v2\/pages\/5813\/revisions\/5814"}],"up":[{"embeddable":true,"href":"https:\/\/abomicspgx.com\/en-gb\/wp-json\/wp\/v2\/pages\/5757"}],"wp:attachment":[{"href":"https:\/\/abomicspgx.com\/en-gb\/wp-json\/wp\/v2\/media?parent=5813"}],"curies":[{"name":"wp","href":"https:\/\/api.w.org\/{rel}","templated":true}]}}